{"id":9056,"date":"2023-10-05T08:02:50","date_gmt":"2023-10-05T08:02:50","guid":{"rendered":"https:\/\/newfermot.malnetp.ovh\/?page_id=9056"},"modified":"2024-01-19T14:05:07","modified_gmt":"2024-01-19T14:05:07","slug":"czesci-do-transformatorow","status":"publish","type":"page","link":"https:\/\/newfermot.malnetp.ovh\/pl_PL\/oferta\/czesci-do-transformatorow\/","title":{"rendered":"Cz\u0119\u015bci do transformator\u00f3w"},"content":{"rendered":"<div class=\"wpb-content-wrapper\"><p>[vc_row full_width=&#8221;stretch_row_content&#8221; equal_height=&#8221;yes&#8221; content_placement=&#8221;middle&#8221; woodmart_stretch_content=&#8221;section-stretch-content&#8221; woodmart_css_id=&#8221;651fda6ca1194&#8243; responsive_spacing=&#8221;eyJwYXJhbV90eXBlIjoid29vZG1hcnRfcmVzcG9uc2l2ZV9zcGFjaW5nIiwic2VsZWN0b3JfaWQiOiI2NTFmZGE2Y2ExMTk0Iiwic2hvcnRjb2RlIjoidmNfcm93IiwiZGF0YSI6eyJ0YWJsZXQiOnt9LCJtb2JpbGUiOnt9fX0=&#8221; mobile_bg_img_hidden=&#8221;no&#8221; tablet_bg_img_hidden=&#8221;no&#8221; woodmart_parallax=&#8221;0&#8243; woodmart_gradient_switch=&#8221;no&#8221; woodmart_box_shadow=&#8221;no&#8221; wd_z_index=&#8221;no&#8221; woodmart_disable_overflow=&#8221;0&#8243; row_reverse_mobile=&#8221;0&#8243; row_reverse_tablet=&#8221;0&#8243; el_class=&#8221;tlo-blue&#8221;][vc_column width=&#8221;2\/5&#8243;][vc_single_image image=&#8221;9132&#8243; img_size=&#8221;full&#8221; parallax_scroll=&#8221;no&#8221; woodmart_inline=&#8221;no&#8221;][\/vc_column][vc_column width=&#8221;3\/5&#8243;][vc_column_text woodmart_inline=&#8221;no&#8221; text_larger=&#8221;no&#8221;]<\/p>\n<h3 class=\"hatrzy\">CZ\u0118\u015aCI DO TRANSFORMATOR\u00d3W I SILNIK\u00d3W ELEKTRYCZNYCH<\/h3>\n<p>Od ponad 20 lat produkujemy kszta\u0142tki transformatorowe i elementy do monta\u017cu transformator\u00f3w[\/vc_column_text][\/vc_column][\/vc_row][vc_section full_width=&#8221;stretch_row_content&#8221; woodmart_stretch_content=&#8221;section-stretch-content&#8221; el_class=&#8221;oferta-opis&#8221; woodmart_css_id=&#8221;6529455d50bcf&#8221; responsive_spacing=&#8221;eyJwYXJhbV90eXBlIjoid29vZG1hcnRfcmVzcG9uc2l2ZV9zcGFjaW5nIiwic2VsZWN0b3JfaWQiOiI2NTI5NDU1ZDUwYmNmIiwic2hvcnRjb2RlIjoidmNfc2VjdGlvbiIsImRhdGEiOnsidGFibGV0Ijp7fSwibW9iaWxlIjp7fX19&#8243; mobile_bg_img_hidden=&#8221;no&#8221; tablet_bg_img_hidden=&#8221;no&#8221; woodmart_parallax=&#8221;0&#8243; woodmart_gradient_switch=&#8221;no&#8221; woodmart_box_shadow=&#8221;no&#8221; wd_z_index=&#8221;no&#8221; woodmart_disable_overflow=&#8221;0&#8243;][vc_row full_width=&#8221;stretch_row_content&#8221; equal_height=&#8221;yes&#8221; content_placement=&#8221;middle&#8221; woodmart_stretch_content=&#8221;section-stretch-content&#8221; woodmart_css_id=&#8221;651fdefbce944&#8243; responsive_spacing=&#8221;eyJwYXJhbV90eXBlIjoid29vZG1hcnRfcmVzcG9uc2l2ZV9zcGFjaW5nIiwic2VsZWN0b3JfaWQiOiI2NTFmZGVmYmNlOTQ0Iiwic2hvcnRjb2RlIjoidmNfcm93IiwiZGF0YSI6eyJ0YWJsZXQiOnt9LCJtb2JpbGUiOnt9fX0=&#8221; mobile_bg_img_hidden=&#8221;no&#8221; tablet_bg_img_hidden=&#8221;no&#8221; woodmart_parallax=&#8221;0&#8243; woodmart_gradient_switch=&#8221;no&#8221; woodmart_box_shadow=&#8221;no&#8221; wd_z_index=&#8221;no&#8221; woodmart_disable_overflow=&#8221;0&#8243; row_reverse_mobile=&#8221;0&#8243; row_reverse_tablet=&#8221;0&#8243; el_class=&#8221;oferta-opis&#8221;][vc_column width=&#8221;3\/5&#8243;][vc_column_text woodmart_inline=&#8221;no&#8221; text_larger=&#8221;no&#8221;]<\/p>\n<h3 class=\"hatrzy\">KSZTA\u0141TKI TRANSFORMATOROWE<\/h3>\n<p>Kszta\u0142tki transformatorowe produkujemy z ta\u015bm pr\u0105dnicowych niezorientowanych w gatunkach M530-50A, M400-50A*, M330-50A* (* wykonanie specjalne na \u017cyczenie klienta) z pow\u0142ok\u0105 spawaln\u0105.<br \/>\nKszta\u0142tki produkujemy na narz\u0119dziach w\u0142asnych oraz na narz\u0119dziach powierzonych.<br \/>\nMo\u017cemy wykona\u0107 narz\u0119dzie wytwarzaj\u0105ce ka\u017cdy rodzaj kszta\u0142tki.[\/vc_column_text][\/vc_column][vc_column width=&#8221;2\/5&#8243;][vc_single_image image=&#8221;9314&#8243; img_size=&#8221;full&#8221; alignment=&#8221;right&#8221; parallax_scroll=&#8221;no&#8221; woodmart_inline=&#8221;no&#8221;][\/vc_column][\/vc_row][vc_row][vc_column][vc_column_text woodmart_inline=&#8221;no&#8221; text_larger=&#8221;no&#8221;]<\/p>\n<p><u>Zestawienie kszta\u0142tek znajduj\u0105cych si\u0119 w ci\u0105g\u0142ej sprzeda\u017cy<\/u>:[\/vc_column_text][vc_raw_html]JTVCbmluamFfdGFibGVzJTIwaWQlM0QlMjI5NDExJTIyJTVE[\/vc_raw_html][vc_column_text woodmart_inline=&#8221;no&#8221; text_larger=&#8221;no&#8221;]Oznaczenie B przy modelu kszta\u0142tki oznacza kszta\u0142tk\u0119 bez otwor\u00f3w<br \/>\nKszta\u0142tki pakowane s\u0105 na paletach 1\/2 Euro<br \/>\n[\/vc_column_text][vc_column_text woodmart_inline=&#8221;no&#8221; text_larger=&#8221;no&#8221;]Tolerancje wymiar\u00f3w:[\/vc_column_text][vc_raw_html]JTVCbmluamFfdGFibGVzJTIwaWQlM0QlMjI5NDEwJTIyJTVE[\/vc_raw_html][\/vc_column][\/vc_row][\/vc_section][vc_row full_width=&#8221;stretch_row_content&#8221; equal_height=&#8221;yes&#8221; content_placement=&#8221;middle&#8221; woodmart_stretch_content=&#8221;section-stretch-content&#8221; woodmart_css_id=&#8221;651fdef1a92d8&#8243; responsive_spacing=&#8221;eyJwYXJhbV90eXBlIjoid29vZG1hcnRfcmVzcG9uc2l2ZV9zcGFjaW5nIiwic2VsZWN0b3JfaWQiOiI2NTFmZGVmMWE5MmQ4Iiwic2hvcnRjb2RlIjoidmNfcm93IiwiZGF0YSI6eyJ0YWJsZXQiOnt9LCJtb2JpbGUiOnt9fX0=&#8221; mobile_bg_img_hidden=&#8221;no&#8221; tablet_bg_img_hidden=&#8221;no&#8221; woodmart_parallax=&#8221;0&#8243; woodmart_gradient_switch=&#8221;no&#8221; woodmart_box_shadow=&#8221;no&#8221; wd_z_index=&#8221;no&#8221; woodmart_disable_overflow=&#8221;0&#8243; row_reverse_mobile=&#8221;0&#8243; row_reverse_tablet=&#8221;0&#8243; el_class=&#8221;oferta-opis&#8221;][vc_column width=&#8221;2\/5&#8243;][vc_single_image image=&#8221;9313&#8243; img_size=&#8221;full&#8221; parallax_scroll=&#8221;no&#8221; woodmart_inline=&#8221;no&#8221;][\/vc_column][vc_column width=&#8221;3\/5&#8243;][vc_column_text woodmart_inline=&#8221;no&#8221; text_larger=&#8221;no&#8221;]<\/p>\n<h3 class=\"hatrzy\">Pozosta\u0142e elementy do monta\u017cu transformator\u00f3w<\/h3>\n<p>Wykonujemy i dostarczamy wiele element\u00f3w do monta\u017cu transformator\u00f3w takich jak:<\/p>\n<ul>\n<li>korpusy<\/li>\n<li>izolacje,<\/li>\n<li>obudowy,<\/li>\n<li>obejmy<\/li>\n<li>podstawy<\/li>\n<li>wsporniki<\/li>\n<li>piny (ko\u0144c\u00f3wki)<\/li>\n<\/ul>\n<p>Zestawienie cz\u0119\u015bci jest dost\u0119pne w zak\u0142adce dokumenty do pobrania.[\/vc_column_text][\/vc_column][\/vc_row][vc_row full_width=&#8221;stretch_row_content&#8221; equal_height=&#8221;yes&#8221; content_placement=&#8221;middle&#8221; woodmart_stretch_content=&#8221;section-stretch-content&#8221; woodmart_css_id=&#8221;651fdefbce944&#8243; responsive_spacing=&#8221;eyJwYXJhbV90eXBlIjoid29vZG1hcnRfcmVzcG9uc2l2ZV9zcGFjaW5nIiwic2VsZWN0b3JfaWQiOiI2NTFmZGVmYmNlOTQ0Iiwic2hvcnRjb2RlIjoidmNfcm93IiwiZGF0YSI6eyJ0YWJsZXQiOnt9LCJtb2JpbGUiOnt9fX0=&#8221; mobile_bg_img_hidden=&#8221;no&#8221; tablet_bg_img_hidden=&#8221;no&#8221; woodmart_parallax=&#8221;0&#8243; woodmart_gradient_switch=&#8221;no&#8221; woodmart_box_shadow=&#8221;no&#8221; wd_z_index=&#8221;no&#8221; woodmart_disable_overflow=&#8221;0&#8243; row_reverse_mobile=&#8221;0&#8243; row_reverse_tablet=&#8221;0&#8243; el_class=&#8221;oferta-opis&#8221;][vc_column width=&#8221;3\/5&#8243;][vc_column_text woodmart_inline=&#8221;no&#8221; text_larger=&#8221;no&#8221;]<\/p>\n<h3 class=\"hatrzy\">Cz\u0119\u015bci do silnik\u00f3w elektrycznych<\/h3>\n<p>Produkujemy:<br \/>\nRotory i statory do silnik\u00f3w elektrycznych \u2013 mo\u017cliwo\u015b\u0107 produkcji \u201eluzem\u201d oraz spakietowanych, zar\u00f3wno z blach zorientowanych (GO), jak i niezorientowanych (NGO).<br \/>\nMo\u017cliwo\u015b\u0107 wykonania narz\u0119dzi.[\/vc_column_text][\/vc_column][vc_column width=&#8221;2\/5&#8243;][vc_single_image image=&#8221;9317&#8243; img_size=&#8221;full&#8221; alignment=&#8221;right&#8221; parallax_scroll=&#8221;no&#8221; woodmart_inline=&#8221;no&#8221;][\/vc_column][\/vc_row]<\/p>\n<\/div>","protected":false},"excerpt":{"rendered":"<p>[vc_row full_width=&#8221;stretch_row_content&#8221; equal_height=&#8221;yes&#8221; content_placement=&#8221;middle&#8221; woodmart_stretch_content=&#8221;section-stretch-content&#8221; woodmart_css_id=&#8221;651fda6ca1194&#8243; responsive_spacing=&#8221;eyJwYXJhbV90eXBlIjoid29vZG1hcnRfcmVzcG9uc2l2ZV9zcGFjaW5nIiwi&#8230;<\/p>\n","protected":false},"author":1,"featured_media":0,"parent":9026,"menu_order":0,"comment_status":"closed","ping_status":"closed","template":"","meta":{"footnotes":""},"class_list":["post-9056","page","type-page","status-publish","hentry"],"yoast_head":"<!-- This site is optimized with the Yoast SEO plugin v23.9 - https:\/\/yoast.com\/wordpress\/plugins\/seo\/ -->\n<title>Cz\u0119\u015bci do transformator\u00f3w - Fermot S.A.<\/title>\n<meta name=\"robots\" content=\"index, follow, max-snippet:-1, max-image-preview:large, max-video-preview:-1\" \/>\n<link rel=\"canonical\" href=\"https:\/\/newfermot.malnetp.ovh\/pl_PL\/oferta\/czesci-do-transformatorow\/\" \/>\n<meta property=\"og:locale\" content=\"pl_PL\" \/>\n<meta property=\"og:type\" content=\"article\" \/>\n<meta property=\"og:title\" content=\"Cz\u0119\u015bci do transformator\u00f3w - Fermot S.A.\" \/>\n<meta property=\"og:description\" content=\"[vc_row full_width=&quot;stretch_row_content&quot; equal_height=&quot;yes&quot; content_placement=&quot;middle&quot; woodmart_stretch_content=&quot;section-stretch-content&quot; woodmart_css_id=&quot;651fda6ca1194&quot; responsive_spacing=&quot;eyJwYXJhbV90eXBlIjoid29vZG1hcnRfcmVzcG9uc2l2ZV9zcGFjaW5nIiwi...\" \/>\n<meta property=\"og:url\" content=\"https:\/\/newfermot.malnetp.ovh\/pl_PL\/oferta\/czesci-do-transformatorow\/\" \/>\n<meta property=\"og:site_name\" content=\"Fermot S.A.\" \/>\n<meta property=\"article:modified_time\" content=\"2024-01-19T14:05:07+00:00\" \/>\n<meta name=\"twitter:card\" content=\"summary_large_image\" \/>\n<meta name=\"twitter:label1\" content=\"Szacowany czas czytania\" \/>\n\t<meta name=\"twitter:data1\" content=\"2 minuty\" \/>\n<script type=\"application\/ld+json\" class=\"yoast-schema-graph\">{\"@context\":\"https:\/\/schema.org\",\"@graph\":[{\"@type\":\"WebPage\",\"@id\":\"https:\/\/newfermot.malnetp.ovh\/pl_PL\/oferta\/czesci-do-transformatorow\/\",\"url\":\"https:\/\/newfermot.malnetp.ovh\/pl_PL\/oferta\/czesci-do-transformatorow\/\",\"name\":\"Cz\u0119\u015bci do transformator\u00f3w - Fermot S.A.\",\"isPartOf\":{\"@id\":\"https:\/\/newfermot.malnetp.ovh\/pl_PL\/#website\"},\"datePublished\":\"2023-10-05T08:02:50+00:00\",\"dateModified\":\"2024-01-19T14:05:07+00:00\",\"breadcrumb\":{\"@id\":\"https:\/\/newfermot.malnetp.ovh\/pl_PL\/oferta\/czesci-do-transformatorow\/#breadcrumb\"},\"inLanguage\":\"pl-PL\",\"potentialAction\":[{\"@type\":\"ReadAction\",\"target\":[\"https:\/\/newfermot.malnetp.ovh\/pl_PL\/oferta\/czesci-do-transformatorow\/\"]}]},{\"@type\":\"BreadcrumbList\",\"@id\":\"https:\/\/newfermot.malnetp.ovh\/pl_PL\/oferta\/czesci-do-transformatorow\/#breadcrumb\",\"itemListElement\":[{\"@type\":\"ListItem\",\"position\":1,\"name\":\"Strona g\u0142\u00f3wna\",\"item\":\"https:\/\/newfermot.malnetp.ovh\/pl_PL\/\"},{\"@type\":\"ListItem\",\"position\":2,\"name\":\"Oferta\",\"item\":\"https:\/\/newfermot.malnetp.ovh\/pl_PL\/oferta\/\"},{\"@type\":\"ListItem\",\"position\":3,\"name\":\"Cz\u0119\u015bci do transformator\u00f3w\"}]},{\"@type\":\"WebSite\",\"@id\":\"https:\/\/newfermot.malnetp.ovh\/pl_PL\/#website\",\"url\":\"https:\/\/newfermot.malnetp.ovh\/pl_PL\/\",\"name\":\"Fermot S.A.\",\"description\":\"Obr\u00f3bka cnc, Napawanie laserowe, T\u0142oczniki, wykrojniki, Regeneracja form wtryskowych, Detale t\u0142oczone na prasach, Cz\u0119\u015bci do transformator\u00f3w\",\"potentialAction\":[{\"@type\":\"SearchAction\",\"target\":{\"@type\":\"EntryPoint\",\"urlTemplate\":\"https:\/\/newfermot.malnetp.ovh\/pl_PL\/?s={search_term_string}\"},\"query-input\":{\"@type\":\"PropertyValueSpecification\",\"valueRequired\":true,\"valueName\":\"search_term_string\"}}],\"inLanguage\":\"pl-PL\"}]}<\/script>\n<!-- \/ Yoast SEO plugin. -->","yoast_head_json":{"title":"Cz\u0119\u015bci do transformator\u00f3w - Fermot S.A.","robots":{"index":"index","follow":"follow","max-snippet":"max-snippet:-1","max-image-preview":"max-image-preview:large","max-video-preview":"max-video-preview:-1"},"canonical":"https:\/\/newfermot.malnetp.ovh\/pl_PL\/oferta\/czesci-do-transformatorow\/","og_locale":"pl_PL","og_type":"article","og_title":"Cz\u0119\u015bci do transformator\u00f3w - Fermot S.A.","og_description":"[vc_row full_width=\"stretch_row_content\" equal_height=\"yes\" content_placement=\"middle\" woodmart_stretch_content=\"section-stretch-content\" woodmart_css_id=\"651fda6ca1194\" responsive_spacing=\"eyJwYXJhbV90eXBlIjoid29vZG1hcnRfcmVzcG9uc2l2ZV9zcGFjaW5nIiwi...","og_url":"https:\/\/newfermot.malnetp.ovh\/pl_PL\/oferta\/czesci-do-transformatorow\/","og_site_name":"Fermot S.A.","article_modified_time":"2024-01-19T14:05:07+00:00","twitter_card":"summary_large_image","twitter_misc":{"Szacowany czas czytania":"2 minuty"},"schema":{"@context":"https:\/\/schema.org","@graph":[{"@type":"WebPage","@id":"https:\/\/newfermot.malnetp.ovh\/pl_PL\/oferta\/czesci-do-transformatorow\/","url":"https:\/\/newfermot.malnetp.ovh\/pl_PL\/oferta\/czesci-do-transformatorow\/","name":"Cz\u0119\u015bci do transformator\u00f3w - Fermot S.A.","isPartOf":{"@id":"https:\/\/newfermot.malnetp.ovh\/pl_PL\/#website"},"datePublished":"2023-10-05T08:02:50+00:00","dateModified":"2024-01-19T14:05:07+00:00","breadcrumb":{"@id":"https:\/\/newfermot.malnetp.ovh\/pl_PL\/oferta\/czesci-do-transformatorow\/#breadcrumb"},"inLanguage":"pl-PL","potentialAction":[{"@type":"ReadAction","target":["https:\/\/newfermot.malnetp.ovh\/pl_PL\/oferta\/czesci-do-transformatorow\/"]}]},{"@type":"BreadcrumbList","@id":"https:\/\/newfermot.malnetp.ovh\/pl_PL\/oferta\/czesci-do-transformatorow\/#breadcrumb","itemListElement":[{"@type":"ListItem","position":1,"name":"Strona g\u0142\u00f3wna","item":"https:\/\/newfermot.malnetp.ovh\/pl_PL\/"},{"@type":"ListItem","position":2,"name":"Oferta","item":"https:\/\/newfermot.malnetp.ovh\/pl_PL\/oferta\/"},{"@type":"ListItem","position":3,"name":"Cz\u0119\u015bci do transformator\u00f3w"}]},{"@type":"WebSite","@id":"https:\/\/newfermot.malnetp.ovh\/pl_PL\/#website","url":"https:\/\/newfermot.malnetp.ovh\/pl_PL\/","name":"Fermot S.A.","description":"Obr\u00f3bka cnc, Napawanie laserowe, T\u0142oczniki, wykrojniki, Regeneracja form wtryskowych, Detale t\u0142oczone na prasach, Cz\u0119\u015bci do transformator\u00f3w","potentialAction":[{"@type":"SearchAction","target":{"@type":"EntryPoint","urlTemplate":"https:\/\/newfermot.malnetp.ovh\/pl_PL\/?s={search_term_string}"},"query-input":{"@type":"PropertyValueSpecification","valueRequired":true,"valueName":"search_term_string"}}],"inLanguage":"pl-PL"}]}},"_links":{"self":[{"href":"https:\/\/newfermot.malnetp.ovh\/pl_PL\/wp-json\/wp\/v2\/pages\/9056","targetHints":{"allow":["GET"]}}],"collection":[{"href":"https:\/\/newfermot.malnetp.ovh\/pl_PL\/wp-json\/wp\/v2\/pages"}],"about":[{"href":"https:\/\/newfermot.malnetp.ovh\/pl_PL\/wp-json\/wp\/v2\/types\/page"}],"author":[{"embeddable":true,"href":"https:\/\/newfermot.malnetp.ovh\/pl_PL\/wp-json\/wp\/v2\/users\/1"}],"replies":[{"embeddable":true,"href":"https:\/\/newfermot.malnetp.ovh\/pl_PL\/wp-json\/wp\/v2\/comments?post=9056"}],"version-history":[{"count":31,"href":"https:\/\/newfermot.malnetp.ovh\/pl_PL\/wp-json\/wp\/v2\/pages\/9056\/revisions"}],"predecessor-version":[{"id":9448,"href":"https:\/\/newfermot.malnetp.ovh\/pl_PL\/wp-json\/wp\/v2\/pages\/9056\/revisions\/9448"}],"up":[{"embeddable":true,"href":"https:\/\/newfermot.malnetp.ovh\/pl_PL\/wp-json\/wp\/v2\/pages\/9026"}],"wp:attachment":[{"href":"https:\/\/newfermot.malnetp.ovh\/pl_PL\/wp-json\/wp\/v2\/media?parent=9056"}],"curies":[{"name":"wp","href":"https:\/\/api.w.org\/{rel}","templated":true}]}}