{"id":9036,"date":"2023-10-05T07:26:09","date_gmt":"2023-10-05T07:26:09","guid":{"rendered":"https:\/\/newfermot.malnetp.ovh\/?page_id=9036"},"modified":"2023-10-24T08:44:53","modified_gmt":"2023-10-24T08:44:53","slug":"narzedziownia-2","status":"publish","type":"page","link":"https:\/\/newfermot.malnetp.ovh\/pl_PL\/oferta\/narzedziownia-2\/","title":{"rendered":"Narz\u0119dziownia"},"content":{"rendered":"<div class=\"wpb-content-wrapper\"><p>[vc_row full_width=&#8221;stretch_row_content&#8221; equal_height=&#8221;yes&#8221; content_placement=&#8221;middle&#8221; woodmart_stretch_content=&#8221;section-stretch-content&#8221; woodmart_css_id=&#8221;651fda6ca1194&#8243; responsive_spacing=&#8221;eyJwYXJhbV90eXBlIjoid29vZG1hcnRfcmVzcG9uc2l2ZV9zcGFjaW5nIiwic2VsZWN0b3JfaWQiOiI2NTFmZGE2Y2ExMTk0Iiwic2hvcnRjb2RlIjoidmNfcm93IiwiZGF0YSI6eyJ0YWJsZXQiOnt9LCJtb2JpbGUiOnt9fX0=&#8221; mobile_bg_img_hidden=&#8221;no&#8221; tablet_bg_img_hidden=&#8221;no&#8221; woodmart_parallax=&#8221;0&#8243; woodmart_gradient_switch=&#8221;no&#8221; woodmart_box_shadow=&#8221;no&#8221; wd_z_index=&#8221;no&#8221; woodmart_disable_overflow=&#8221;0&#8243; row_reverse_mobile=&#8221;0&#8243; row_reverse_tablet=&#8221;0&#8243; el_class=&#8221;tlo-blue&#8221;][vc_column width=&#8221;2\/5&#8243;][vc_single_image image=&#8221;8885&#8243; img_size=&#8221;full&#8221; parallax_scroll=&#8221;no&#8221; woodmart_inline=&#8221;no&#8221;][\/vc_column][vc_column width=&#8221;3\/5&#8243;][vc_column_text woodmart_inline=&#8221;no&#8221; text_larger=&#8221;no&#8221;]<\/p>\n<h3 class=\"hatrzy\">NARZ\u0118DZIOWNIA<\/h3>\n<ul>\n<li>Oferujemy pe\u0142en zakres obr\u00f3bki maszynowej .<\/li>\n<li>Posiadamy frezarki CNC 3 i 5 osiowe, elektrodr\u0105\u017carki drutowe i wg\u0142\u0119bne, tokarki , szlifierki , frezarki konwencjonalne, napawark\u0119 laserow\u0105, wiertarki koordynacyjne.<\/li>\n<li>Biuro konstrukcyjne \u2013 7 konstruktor\u00f3w i technolog\u00f3w, SolidWorks, SolidCam, LogoPress<\/li>\n<li>Zarz\u0105dzanie produkcj\u0105 \u2013 system ERP &#8211; BEMET<\/li>\n<li>System jako\u015bci certyfikowany wg ISO 9001:2015.<\/li>\n<li>Nasze konstrukcje tworzymy w oparciu o najnowsz\u0105 wiedz\u0119 i z zastosowaniem innowacyjnych metod, b\u0119d\u0105cych wdro\u017ceniem m.in. prowadzonych przez nas prac badawczo-rozwojowych np.\n<ul>\n<li>innowacyjn\u0105 metod\u0119 formowania otwor\u00f3w precyzyjnych m. in. pod gwinty<\/li>\n<li>innowacyjny spos\u00f3b wielotaktowego formowania materia\u0142u z zastosowaniem metody selektywnego indukcyjnego nagrzewania. Metoda ta jest wykorzystywana do produkcji narz\u0119dzi oraz element\u00f3w system\u00f3w bezpiecze\u0144stwa w bran\u017cy motoryzacyjnej (tzw. bracket\u00f3w).<\/li>\n<\/ul>\n<\/li>\n<\/ul>\n<p>[\/vc_column_text][\/vc_column][\/vc_row][vc_row full_width=&#8221;stretch_row_content&#8221; equal_height=&#8221;yes&#8221; content_placement=&#8221;middle&#8221; woodmart_stretch_content=&#8221;section-stretch-content&#8221; woodmart_css_id=&#8221;651fdefbce944&#8243; responsive_spacing=&#8221;eyJwYXJhbV90eXBlIjoid29vZG1hcnRfcmVzcG9uc2l2ZV9zcGFjaW5nIiwic2VsZWN0b3JfaWQiOiI2NTFmZGVmYmNlOTQ0Iiwic2hvcnRjb2RlIjoidmNfcm93IiwiZGF0YSI6eyJ0YWJsZXQiOnt9LCJtb2JpbGUiOnt9fX0=&#8221; mobile_bg_img_hidden=&#8221;no&#8221; tablet_bg_img_hidden=&#8221;no&#8221; woodmart_parallax=&#8221;0&#8243; woodmart_gradient_switch=&#8221;no&#8221; woodmart_box_shadow=&#8221;no&#8221; wd_z_index=&#8221;no&#8221; woodmart_disable_overflow=&#8221;0&#8243; row_reverse_mobile=&#8221;0&#8243; row_reverse_tablet=&#8221;0&#8243; el_class=&#8221;oferta-opis&#8221;][vc_column width=&#8221;3\/5&#8243;][vc_column_text woodmart_inline=&#8221;no&#8221; text_larger=&#8221;no&#8221;]<\/p>\n<h3 class=\"hatrzy\">Narz\u0119dzia post\u0119powe i transferowe oraz pojedyncze<\/h3>\n<p>Produkujemy:<\/p>\n<p>Narz\u0119dzia post\u0119powe z mo\u017cliwo\u015bci\u0105 gwintowania i\/lub podawania nakr\u0119tki \/ ko\u0142ka.<\/p>\n<p>Narz\u0119dzia na prasy szybkobie\u017cne, r\u00f3wnie\u017c z opcj\u0105 pakietowania.<\/p>\n<p>Narz\u0119dzia transferowe.<\/p>\n<p>Narz\u0119dzia pojedyncze na prasy mechaniczne i hydrauliczne.<\/p>\n<p>Maksymalne wymiary produkowanych narz\u0119dzi: 3000 x 1500 mm , max waga : 15 000 kg.<\/p>\n<p>Narz\u0119dzia do produkcji detali prototypowych.<\/p>\n<p>Mamy r\u00f3wnie\u017c mo\u017cliwo\u015b\u0107 wykonania pr\u00f3b produkowanych narz\u0119dzi na liniach produkcyjnych wyposa\u017conych w prasy o nacisku do 400 t.[\/vc_column_text][\/vc_column][vc_column width=&#8221;2\/5&#8243;][vc_single_image image=&#8221;9203&#8243; img_size=&#8221;full&#8221; alignment=&#8221;right&#8221; parallax_scroll=&#8221;no&#8221; woodmart_inline=&#8221;no&#8221;][\/vc_column][\/vc_row][vc_row full_width=&#8221;stretch_row_content&#8221; equal_height=&#8221;yes&#8221; content_placement=&#8221;middle&#8221; woodmart_stretch_content=&#8221;section-stretch-content&#8221; woodmart_css_id=&#8221;651fdef1a92d8&#8243; responsive_spacing=&#8221;eyJwYXJhbV90eXBlIjoid29vZG1hcnRfcmVzcG9uc2l2ZV9zcGFjaW5nIiwic2VsZWN0b3JfaWQiOiI2NTFmZGVmMWE5MmQ4Iiwic2hvcnRjb2RlIjoidmNfcm93IiwiZGF0YSI6eyJ0YWJsZXQiOnt9LCJtb2JpbGUiOnt9fX0=&#8221; mobile_bg_img_hidden=&#8221;no&#8221; tablet_bg_img_hidden=&#8221;no&#8221; woodmart_parallax=&#8221;0&#8243; woodmart_gradient_switch=&#8221;no&#8221; woodmart_box_shadow=&#8221;no&#8221; wd_z_index=&#8221;no&#8221; woodmart_disable_overflow=&#8221;0&#8243; row_reverse_mobile=&#8221;0&#8243; row_reverse_tablet=&#8221;0&#8243; el_class=&#8221;oferta-opis&#8221;][vc_column width=&#8221;2\/5&#8243;][vc_single_image image=&#8221;9278&#8243; img_size=&#8221;full&#8221; parallax_scroll=&#8221;no&#8221; woodmart_inline=&#8221;no&#8221;][\/vc_column][vc_column width=&#8221;3\/5&#8243;][vc_column_text woodmart_inline=&#8221;no&#8221; text_larger=&#8221;no&#8221;]<\/p>\n<h3 class=\"hatrzy\">Cz\u0119\u015bci zamienne<\/h3>\n<p>Wykonujemy cz\u0119\u015bci zamienne do narz\u0119dzi i maszyn wed\u0142ug dokumentacji w\u0142asnej lub powierzonej.<\/p>\n<p>Oferujemy mo\u017cliwo\u015b\u0107 skanowania cz\u0119\u015bci w celu odtworzenia oryginalnego kszta\u0142tu.[\/vc_column_text][\/vc_column][\/vc_row][vc_row full_width=&#8221;stretch_row_content&#8221; equal_height=&#8221;yes&#8221; content_placement=&#8221;middle&#8221; woodmart_stretch_content=&#8221;section-stretch-content&#8221; woodmart_css_id=&#8221;651fdefbce944&#8243; responsive_spacing=&#8221;eyJwYXJhbV90eXBlIjoid29vZG1hcnRfcmVzcG9uc2l2ZV9zcGFjaW5nIiwic2VsZWN0b3JfaWQiOiI2NTFmZGVmYmNlOTQ0Iiwic2hvcnRjb2RlIjoidmNfcm93IiwiZGF0YSI6eyJ0YWJsZXQiOnt9LCJtb2JpbGUiOnt9fX0=&#8221; mobile_bg_img_hidden=&#8221;no&#8221; tablet_bg_img_hidden=&#8221;no&#8221; woodmart_parallax=&#8221;0&#8243; woodmart_gradient_switch=&#8221;no&#8221; woodmart_box_shadow=&#8221;no&#8221; wd_z_index=&#8221;no&#8221; woodmart_disable_overflow=&#8221;0&#8243; row_reverse_mobile=&#8221;0&#8243; row_reverse_tablet=&#8221;0&#8243; el_class=&#8221;oferta-opis&#8221;][vc_column width=&#8221;3\/5&#8243;][vc_column_text woodmart_inline=&#8221;no&#8221; text_larger=&#8221;no&#8221;]<\/p>\n<h3 class=\"hatrzy\">Regeneracja element\u00f3w roboczych narz\u0119dzi i form wtryskowych<\/h3>\n<p>Oferujemy kompleksow\u0105 us\u0142ug\u0119 regeneracji zu\u017cytych lub uszkodzonych cz\u0119\u015bci narz\u0119dzi &#8211; od skanu 3D uszkodzonego elementu, przez napawanie laserowe, a nast\u0119pnie odpowiedni\u0105 obr\u00f3bk\u0119, do uzyskania oryginalnego kszta\u0142tu.<\/p>\n<p>Wykonujemy ostrzenia element\u00f3w roboczych: stempli i matryc.[\/vc_column_text][\/vc_column][vc_column width=&#8221;2\/5&#8243;][vc_single_image image=&#8221;9288&#8243; img_size=&#8221;full&#8221; alignment=&#8221;right&#8221; parallax_scroll=&#8221;no&#8221; woodmart_inline=&#8221;no&#8221;][\/vc_column][\/vc_row][vc_row full_width=&#8221;stretch_row_content&#8221; equal_height=&#8221;yes&#8221; content_placement=&#8221;middle&#8221; woodmart_stretch_content=&#8221;section-stretch-content&#8221; woodmart_css_id=&#8221;651fe04e86898&#8243; responsive_spacing=&#8221;eyJwYXJhbV90eXBlIjoid29vZG1hcnRfcmVzcG9uc2l2ZV9zcGFjaW5nIiwic2VsZWN0b3JfaWQiOiI2NTFmZTA0ZTg2ODk4Iiwic2hvcnRjb2RlIjoidmNfcm93IiwiZGF0YSI6eyJ0YWJsZXQiOnt9LCJtb2JpbGUiOnt9fX0=&#8221; mobile_bg_img_hidden=&#8221;no&#8221; tablet_bg_img_hidden=&#8221;no&#8221; woodmart_parallax=&#8221;0&#8243; woodmart_gradient_switch=&#8221;no&#8221; woodmart_box_shadow=&#8221;no&#8221; wd_z_index=&#8221;no&#8221; woodmart_disable_overflow=&#8221;0&#8243; row_reverse_mobile=&#8221;0&#8243; row_reverse_tablet=&#8221;0&#8243; el_class=&#8221;oferta-opis&#8221;][vc_column width=&#8221;2\/5&#8243;][vc_single_image image=&#8221;9217&#8243; img_size=&#8221;full&#8221; parallax_scroll=&#8221;no&#8221; woodmart_inline=&#8221;no&#8221;][\/vc_column][vc_column width=&#8221;3\/5&#8243;][vc_column_text woodmart_inline=&#8221;no&#8221; text_larger=&#8221;no&#8221;]<\/p>\n<h3 class=\"hatrzy\">Jako\u015b\u0107<\/h3>\n<p>Wykonujemy pomiary na maszynie pomiarowej CMM, mikroskopie pomiarowym.<\/p>\n<p>Posiadamy pe\u0142en zakres wyposa\u017cenia pomiarowego.<\/p>\n<p>Na \u017cyczenie klienta dostarczamy raporty pomiarowe oraz dokumentacj\u0119 PPAP.[\/vc_column_text][\/vc_column][\/vc_row][vc_row full_width=&#8221;stretch_row_content&#8221; woodmart_stretch_content=&#8221;section-stretch-content&#8221; woodmart_css_id=&#8221;652d579987b18&#8243; responsive_spacing=&#8221;eyJwYXJhbV90eXBlIjoid29vZG1hcnRfcmVzcG9uc2l2ZV9zcGFjaW5nIiwic2VsZWN0b3JfaWQiOiI2NTJkNTc5OTg3YjE4Iiwic2hvcnRjb2RlIjoidmNfcm93IiwiZGF0YSI6eyJ0YWJsZXQiOnt9LCJtb2JpbGUiOnt9fX0=&#8221; mobile_bg_img_hidden=&#8221;no&#8221; tablet_bg_img_hidden=&#8221;no&#8221; woodmart_parallax=&#8221;0&#8243; woodmart_gradient_switch=&#8221;no&#8221; woodmart_box_shadow=&#8221;no&#8221; wd_z_index=&#8221;no&#8221; woodmart_disable_overflow=&#8221;0&#8243; row_reverse_mobile=&#8221;0&#8243; row_reverse_tablet=&#8221;0&#8243; css=&#8221;.vc_custom_1697470363680{margin-top: 40px !important;}&#8221;][vc_column]\n\t\t<div id=\"wd-651d5bc9ce5f5\" class=\"title-wrapper wd-wpb wd-set-mb reset-last-child  wd-rs-651d5bc9ce5f5 wd-title-color-default wd-title-style-default text-left tytulek  wd-underline-colored\">\n\t\t\t\n\t\t\t<div class=\"liner-continer\">\n\t\t\t\t<h4 class=\"woodmart-title-container title  wd-font-weight- wd-fontsize-l\" >Realizacje<\/h4>\n\t\t\t\t\t\t\t<\/div>\n\t\t\t\n\t\t\t\n\t\t\t\n\t\t<\/div>\n\t\t\n\t\t[\/vc_column][\/vc_row][vc_row full_width=&#8221;stretch_row_content&#8221; woodmart_stretch_content=&#8221;section-stretch-content&#8221; woodmart_css_id=&#8221;652d57946c15e&#8221; responsive_spacing=&#8221;eyJwYXJhbV90eXBlIjoid29vZG1hcnRfcmVzcG9uc2l2ZV9zcGFjaW5nIiwic2VsZWN0b3JfaWQiOiI2NTJkNTc5NDZjMTVlIiwic2hvcnRjb2RlIjoidmNfcm93IiwiZGF0YSI6eyJ0YWJsZXQiOnt9LCJtb2JpbGUiOnt9fX0=&#8221; mobile_bg_img_hidden=&#8221;no&#8221; tablet_bg_img_hidden=&#8221;no&#8221; woodmart_parallax=&#8221;0&#8243; woodmart_gradient_switch=&#8221;no&#8221; woodmart_box_shadow=&#8221;no&#8221; wd_z_index=&#8221;no&#8221; woodmart_disable_overflow=&#8221;0&#8243; row_reverse_mobile=&#8221;0&#8243; row_reverse_tablet=&#8221;0&#8243;][vc_column]\t\t<div id=\"gallery_409\" class=\"wd-images-gallery wd-wpb wd-rs-651d5c2608921 photoswipe-images\" style=\"--wd-justify-content:center;--wd-align-items:center;\">\n\t\t\t\n\t\t\t<div class=\" wd-grid-g\" style=\"--wd-col-lg:6;--wd-col-md:4;--wd-col-sm:2;--wd-gap-lg:30px;--wd-gap-sm:10px;\">\n\t\t\t\t\n\t\t\t\t\t\t\t\t\t\t\t\t\t\t\t<div class=\"wd-gallery-item wd-col\">\n\t\t\t\t\t\t\t\t\t\t\t\t\t\t<a href=\"https:\/\/newfermot.malnetp.ovh\/wp-content\/uploads\/2023\/10\/150309123808_MG_0676.jpg\" data-elementor-open-lightbox=\"no\" data-index=\"1\" data-width=\"1000\" data-height=\"667\" \n\t\t\t\t\t\t\t\t\t\t\t\t >\n\t\t\t\t\t\t\t\t\n\t\t\t\t\t\t\t\t<img loading=\"lazy\" decoding=\"async\" width=\"330\" height=\"330\" src=\"https:\/\/newfermot.malnetp.ovh\/wp-content\/uploads\/2023\/10\/150309123808_MG_0676-330x330.jpg\" class=\"wd-gallery-image image-1\" alt=\"\" \/>\n\t\t\t\t\t\t\t\t\t\t\t\t\t\t\t<\/a>\n\t\t\t\t\t\t\t\t\t\t\t\t<\/div>\n\t\t\t\t\t\t\t\t\t\t\t<div class=\"wd-gallery-item wd-col\">\n\t\t\t\t\t\t\t\t\t\t\t\t\t\t<a href=\"https:\/\/newfermot.malnetp.ovh\/wp-content\/uploads\/2023\/10\/150309123932slider.jpg\" data-elementor-open-lightbox=\"no\" data-index=\"2\" data-width=\"1000\" data-height=\"439\" \n\t\t\t\t\t\t\t\t\t\t\t\t >\n\t\t\t\t\t\t\t\t\n\t\t\t\t\t\t\t\t<img loading=\"lazy\" decoding=\"async\" width=\"330\" height=\"330\" src=\"https:\/\/newfermot.malnetp.ovh\/wp-content\/uploads\/2023\/10\/150309123932slider-330x330.jpg\" class=\"wd-gallery-image image-2\" alt=\"\" \/>\n\t\t\t\t\t\t\t\t\t\t\t\t\t\t\t<\/a>\n\t\t\t\t\t\t\t\t\t\t\t\t<\/div>\n\t\t\t\t\t\t\t\t\t\t\t<div class=\"wd-gallery-item wd-col\">\n\t\t\t\t\t\t\t\t\t\t\t\t\t\t<a href=\"https:\/\/newfermot.malnetp.ovh\/wp-content\/uploads\/2023\/10\/180208144726FORMA_1_1.jpg\" data-elementor-open-lightbox=\"no\" data-index=\"3\" data-width=\"1024\" data-height=\"678\" \n\t\t\t\t\t\t\t\t\t\t\t\t >\n\t\t\t\t\t\t\t\t\n\t\t\t\t\t\t\t\t<img loading=\"lazy\" decoding=\"async\" width=\"330\" height=\"330\" src=\"https:\/\/newfermot.malnetp.ovh\/wp-content\/uploads\/2023\/10\/180208144726FORMA_1_1-330x330.jpg\" class=\"wd-gallery-image image-3\" alt=\"\" \/>\n\t\t\t\t\t\t\t\t\t\t\t\t\t\t\t<\/a>\n\t\t\t\t\t\t\t\t\t\t\t\t<\/div>\n\t\t\t\t\t\t\t\t\t\t\t<div class=\"wd-gallery-item wd-col\">\n\t\t\t\t\t\t\t\t\t\t\t\t\t\t<a href=\"https:\/\/newfermot.malnetp.ovh\/wp-content\/uploads\/2023\/10\/180208144734FORMA_2_1.jpg\" data-elementor-open-lightbox=\"no\" data-index=\"4\" data-width=\"1024\" data-height=\"678\" \n\t\t\t\t\t\t\t\t\t\t\t\t >\n\t\t\t\t\t\t\t\t\n\t\t\t\t\t\t\t\t<img loading=\"lazy\" decoding=\"async\" width=\"330\" height=\"330\" src=\"https:\/\/newfermot.malnetp.ovh\/wp-content\/uploads\/2023\/10\/180208144734FORMA_2_1-330x330.jpg\" class=\"wd-gallery-image image-4\" alt=\"\" \/>\n\t\t\t\t\t\t\t\t\t\t\t\t\t\t\t<\/a>\n\t\t\t\t\t\t\t\t\t\t\t\t<\/div>\n\t\t\t\t\t\t\t\t\t\t\t<div class=\"wd-gallery-item wd-col\">\n\t\t\t\t\t\t\t\t\t\t\t\t\t\t<a href=\"https:\/\/newfermot.malnetp.ovh\/wp-content\/uploads\/2023\/10\/180208144740FORMA_3_.jpg\" data-elementor-open-lightbox=\"no\" data-index=\"5\" data-width=\"1024\" data-height=\"678\" \n\t\t\t\t\t\t\t\t\t\t\t\t >\n\t\t\t\t\t\t\t\t\n\t\t\t\t\t\t\t\t<img loading=\"lazy\" decoding=\"async\" width=\"330\" height=\"330\" src=\"https:\/\/newfermot.malnetp.ovh\/wp-content\/uploads\/2023\/10\/180208144740FORMA_3_-330x330.jpg\" class=\"wd-gallery-image image-5\" alt=\"\" \/>\n\t\t\t\t\t\t\t\t\t\t\t\t\t\t\t<\/a>\n\t\t\t\t\t\t\t\t\t\t\t\t<\/div>\n\t\t\t\t\t\t\t\t\t\t\t<div class=\"wd-gallery-item wd-col\">\n\t\t\t\t\t\t\t\t\t\t\t\t\t\t<a href=\"https:\/\/newfermot.malnetp.ovh\/wp-content\/uploads\/2023\/10\/180214103321180125150001IMG_4394_www.jpg\" data-elementor-open-lightbox=\"no\" data-index=\"6\" data-width=\"1024\" data-height=\"683\" \n\t\t\t\t\t\t\t\t\t\t\t\t >\n\t\t\t\t\t\t\t\t\n\t\t\t\t\t\t\t\t<img loading=\"lazy\" decoding=\"async\" width=\"330\" height=\"330\" src=\"https:\/\/newfermot.malnetp.ovh\/wp-content\/uploads\/2023\/10\/180214103321180125150001IMG_4394_www-330x330.jpg\" class=\"wd-gallery-image image-6\" alt=\"\" \/>\n\t\t\t\t\t\t\t\t\t\t\t\t\t\t\t<\/a>\n\t\t\t\t\t\t\t\t\t\t\t\t<\/div>\n\t\t\t\t\t\t\t\t\t\t\t<div class=\"wd-gallery-item wd-col\">\n\t\t\t\t\t\t\t\t\t\t\t\t\t\t<a href=\"https:\/\/newfermot.malnetp.ovh\/wp-content\/uploads\/2023\/10\/180214103330180125150019IMG_20170529_08231.jpg\" data-elementor-open-lightbox=\"no\" data-index=\"7\" data-width=\"575\" data-height=\"837\" \n\t\t\t\t\t\t\t\t\t\t\t\t >\n\t\t\t\t\t\t\t\t\n\t\t\t\t\t\t\t\t<img loading=\"lazy\" decoding=\"async\" width=\"330\" height=\"330\" src=\"https:\/\/newfermot.malnetp.ovh\/wp-content\/uploads\/2023\/10\/180214103330180125150019IMG_20170529_08231-330x330.jpg\" class=\"wd-gallery-image image-7\" alt=\"\" \/>\n\t\t\t\t\t\t\t\t\t\t\t\t\t\t\t<\/a>\n\t\t\t\t\t\t\t\t\t\t\t\t<\/div>\n\t\t\t\t\t\t\t\t\t\t\t<div class=\"wd-gallery-item wd-col\">\n\t\t\t\t\t\t\t\t\t\t\t\t\t\t<a href=\"https:\/\/newfermot.malnetp.ovh\/wp-content\/uploads\/2023\/10\/19021721280320181218_140804.jpg\" data-elementor-open-lightbox=\"no\" data-index=\"8\" data-width=\"1024\" data-height=\"681\" \n\t\t\t\t\t\t\t\t\t\t\t\t >\n\t\t\t\t\t\t\t\t\n\t\t\t\t\t\t\t\t<img loading=\"lazy\" decoding=\"async\" width=\"330\" height=\"330\" src=\"https:\/\/newfermot.malnetp.ovh\/wp-content\/uploads\/2023\/10\/19021721280320181218_140804-330x330.jpg\" class=\"wd-gallery-image image-8\" alt=\"\" \/>\n\t\t\t\t\t\t\t\t\t\t\t\t\t\t\t<\/a>\n\t\t\t\t\t\t\t\t\t\t\t\t<\/div>\n\t\t\t\t\t\t\t\t\t\n\t\t\t\t\t\t\t<\/div>\n\n\t\t\t\t\t<\/div>\n\t\t[\/vc_column][\/vc_row]<\/p>\n<\/div>","protected":false},"excerpt":{"rendered":"<p>[vc_row full_width=&#8221;stretch_row_content&#8221; equal_height=&#8221;yes&#8221; content_placement=&#8221;middle&#8221; woodmart_stretch_content=&#8221;section-stretch-content&#8221; woodmart_css_id=&#8221;651fda6ca1194&#8243; responsive_spacing=&#8221;eyJwYXJhbV90eXBlIjoid29vZG1hcnRfcmVzcG9uc2l2ZV9zcGFjaW5nIiwi&#8230;<\/p>\n","protected":false},"author":1,"featured_media":0,"parent":9026,"menu_order":0,"comment_status":"closed","ping_status":"closed","template":"","meta":{"footnotes":""},"class_list":["post-9036","page","type-page","status-publish","hentry"],"yoast_head":"<!-- This site is optimized with the Yoast SEO plugin v23.9 - https:\/\/yoast.com\/wordpress\/plugins\/seo\/ -->\n<title>Narz\u0119dziownia - Fermot S.A.<\/title>\n<meta name=\"robots\" content=\"index, follow, max-snippet:-1, max-image-preview:large, max-video-preview:-1\" \/>\n<link rel=\"canonical\" href=\"https:\/\/newfermot.malnetp.ovh\/pl_PL\/oferta\/narzedziownia-2\/\" \/>\n<meta property=\"og:locale\" content=\"pl_PL\" \/>\n<meta property=\"og:type\" content=\"article\" \/>\n<meta property=\"og:title\" content=\"Narz\u0119dziownia - Fermot S.A.\" \/>\n<meta property=\"og:description\" content=\"[vc_row full_width=&quot;stretch_row_content&quot; equal_height=&quot;yes&quot; content_placement=&quot;middle&quot; woodmart_stretch_content=&quot;section-stretch-content&quot; woodmart_css_id=&quot;651fda6ca1194&quot; responsive_spacing=&quot;eyJwYXJhbV90eXBlIjoid29vZG1hcnRfcmVzcG9uc2l2ZV9zcGFjaW5nIiwi...\" \/>\n<meta property=\"og:url\" content=\"https:\/\/newfermot.malnetp.ovh\/pl_PL\/oferta\/narzedziownia-2\/\" \/>\n<meta property=\"og:site_name\" content=\"Fermot S.A.\" \/>\n<meta property=\"article:modified_time\" content=\"2023-10-24T08:44:53+00:00\" \/>\n<meta name=\"twitter:card\" content=\"summary_large_image\" \/>\n<meta name=\"twitter:label1\" content=\"Szacowany czas czytania\" \/>\n\t<meta name=\"twitter:data1\" content=\"3 minuty\" \/>\n<script type=\"application\/ld+json\" class=\"yoast-schema-graph\">{\"@context\":\"https:\/\/schema.org\",\"@graph\":[{\"@type\":\"WebPage\",\"@id\":\"https:\/\/newfermot.malnetp.ovh\/pl_PL\/oferta\/narzedziownia-2\/\",\"url\":\"https:\/\/newfermot.malnetp.ovh\/pl_PL\/oferta\/narzedziownia-2\/\",\"name\":\"Narz\u0119dziownia - Fermot S.A.\",\"isPartOf\":{\"@id\":\"https:\/\/newfermot.malnetp.ovh\/pl_PL\/#website\"},\"datePublished\":\"2023-10-05T07:26:09+00:00\",\"dateModified\":\"2023-10-24T08:44:53+00:00\",\"breadcrumb\":{\"@id\":\"https:\/\/newfermot.malnetp.ovh\/pl_PL\/oferta\/narzedziownia-2\/#breadcrumb\"},\"inLanguage\":\"pl-PL\",\"potentialAction\":[{\"@type\":\"ReadAction\",\"target\":[\"https:\/\/newfermot.malnetp.ovh\/pl_PL\/oferta\/narzedziownia-2\/\"]}]},{\"@type\":\"BreadcrumbList\",\"@id\":\"https:\/\/newfermot.malnetp.ovh\/pl_PL\/oferta\/narzedziownia-2\/#breadcrumb\",\"itemListElement\":[{\"@type\":\"ListItem\",\"position\":1,\"name\":\"Strona g\u0142\u00f3wna\",\"item\":\"https:\/\/newfermot.malnetp.ovh\/pl_PL\/\"},{\"@type\":\"ListItem\",\"position\":2,\"name\":\"Oferta\",\"item\":\"https:\/\/newfermot.malnetp.ovh\/pl_PL\/oferta\/\"},{\"@type\":\"ListItem\",\"position\":3,\"name\":\"Narz\u0119dziownia\"}]},{\"@type\":\"WebSite\",\"@id\":\"https:\/\/newfermot.malnetp.ovh\/pl_PL\/#website\",\"url\":\"https:\/\/newfermot.malnetp.ovh\/pl_PL\/\",\"name\":\"Fermot S.A.\",\"description\":\"Obr\u00f3bka cnc, Napawanie laserowe, T\u0142oczniki, wykrojniki, Regeneracja form wtryskowych, Detale t\u0142oczone na prasach, Cz\u0119\u015bci do transformator\u00f3w\",\"potentialAction\":[{\"@type\":\"SearchAction\",\"target\":{\"@type\":\"EntryPoint\",\"urlTemplate\":\"https:\/\/newfermot.malnetp.ovh\/pl_PL\/?s={search_term_string}\"},\"query-input\":{\"@type\":\"PropertyValueSpecification\",\"valueRequired\":true,\"valueName\":\"search_term_string\"}}],\"inLanguage\":\"pl-PL\"}]}<\/script>\n<!-- \/ Yoast SEO plugin. -->","yoast_head_json":{"title":"Narz\u0119dziownia - Fermot S.A.","robots":{"index":"index","follow":"follow","max-snippet":"max-snippet:-1","max-image-preview":"max-image-preview:large","max-video-preview":"max-video-preview:-1"},"canonical":"https:\/\/newfermot.malnetp.ovh\/pl_PL\/oferta\/narzedziownia-2\/","og_locale":"pl_PL","og_type":"article","og_title":"Narz\u0119dziownia - Fermot S.A.","og_description":"[vc_row full_width=\"stretch_row_content\" equal_height=\"yes\" content_placement=\"middle\" woodmart_stretch_content=\"section-stretch-content\" woodmart_css_id=\"651fda6ca1194\" responsive_spacing=\"eyJwYXJhbV90eXBlIjoid29vZG1hcnRfcmVzcG9uc2l2ZV9zcGFjaW5nIiwi...","og_url":"https:\/\/newfermot.malnetp.ovh\/pl_PL\/oferta\/narzedziownia-2\/","og_site_name":"Fermot S.A.","article_modified_time":"2023-10-24T08:44:53+00:00","twitter_card":"summary_large_image","twitter_misc":{"Szacowany czas czytania":"3 minuty"},"schema":{"@context":"https:\/\/schema.org","@graph":[{"@type":"WebPage","@id":"https:\/\/newfermot.malnetp.ovh\/pl_PL\/oferta\/narzedziownia-2\/","url":"https:\/\/newfermot.malnetp.ovh\/pl_PL\/oferta\/narzedziownia-2\/","name":"Narz\u0119dziownia - Fermot S.A.","isPartOf":{"@id":"https:\/\/newfermot.malnetp.ovh\/pl_PL\/#website"},"datePublished":"2023-10-05T07:26:09+00:00","dateModified":"2023-10-24T08:44:53+00:00","breadcrumb":{"@id":"https:\/\/newfermot.malnetp.ovh\/pl_PL\/oferta\/narzedziownia-2\/#breadcrumb"},"inLanguage":"pl-PL","potentialAction":[{"@type":"ReadAction","target":["https:\/\/newfermot.malnetp.ovh\/pl_PL\/oferta\/narzedziownia-2\/"]}]},{"@type":"BreadcrumbList","@id":"https:\/\/newfermot.malnetp.ovh\/pl_PL\/oferta\/narzedziownia-2\/#breadcrumb","itemListElement":[{"@type":"ListItem","position":1,"name":"Strona g\u0142\u00f3wna","item":"https:\/\/newfermot.malnetp.ovh\/pl_PL\/"},{"@type":"ListItem","position":2,"name":"Oferta","item":"https:\/\/newfermot.malnetp.ovh\/pl_PL\/oferta\/"},{"@type":"ListItem","position":3,"name":"Narz\u0119dziownia"}]},{"@type":"WebSite","@id":"https:\/\/newfermot.malnetp.ovh\/pl_PL\/#website","url":"https:\/\/newfermot.malnetp.ovh\/pl_PL\/","name":"Fermot S.A.","description":"Obr\u00f3bka cnc, Napawanie laserowe, T\u0142oczniki, wykrojniki, Regeneracja form wtryskowych, Detale t\u0142oczone na prasach, Cz\u0119\u015bci do transformator\u00f3w","potentialAction":[{"@type":"SearchAction","target":{"@type":"EntryPoint","urlTemplate":"https:\/\/newfermot.malnetp.ovh\/pl_PL\/?s={search_term_string}"},"query-input":{"@type":"PropertyValueSpecification","valueRequired":true,"valueName":"search_term_string"}}],"inLanguage":"pl-PL"}]}},"_links":{"self":[{"href":"https:\/\/newfermot.malnetp.ovh\/pl_PL\/wp-json\/wp\/v2\/pages\/9036","targetHints":{"allow":["GET"]}}],"collection":[{"href":"https:\/\/newfermot.malnetp.ovh\/pl_PL\/wp-json\/wp\/v2\/pages"}],"about":[{"href":"https:\/\/newfermot.malnetp.ovh\/pl_PL\/wp-json\/wp\/v2\/types\/page"}],"author":[{"embeddable":true,"href":"https:\/\/newfermot.malnetp.ovh\/pl_PL\/wp-json\/wp\/v2\/users\/1"}],"replies":[{"embeddable":true,"href":"https:\/\/newfermot.malnetp.ovh\/pl_PL\/wp-json\/wp\/v2\/comments?post=9036"}],"version-history":[{"count":40,"href":"https:\/\/newfermot.malnetp.ovh\/pl_PL\/wp-json\/wp\/v2\/pages\/9036\/revisions"}],"predecessor-version":[{"id":9429,"href":"https:\/\/newfermot.malnetp.ovh\/pl_PL\/wp-json\/wp\/v2\/pages\/9036\/revisions\/9429"}],"up":[{"embeddable":true,"href":"https:\/\/newfermot.malnetp.ovh\/pl_PL\/wp-json\/wp\/v2\/pages\/9026"}],"wp:attachment":[{"href":"https:\/\/newfermot.malnetp.ovh\/pl_PL\/wp-json\/wp\/v2\/media?parent=9036"}],"curies":[{"name":"wp","href":"https:\/\/api.w.org\/{rel}","templated":true}]}}