{"id":8992,"date":"2023-10-04T12:22:42","date_gmt":"2023-10-04T12:22:42","guid":{"rendered":"https:\/\/newfermot.malnetp.ovh\/?page_id=8992"},"modified":"2023-10-26T11:31:06","modified_gmt":"2023-10-26T11:31:06","slug":"dotacje","status":"publish","type":"page","link":"https:\/\/newfermot.malnetp.ovh\/pl_PL\/dotacje\/","title":{"rendered":"Dotacje"},"content":{"rendered":"<div class=\"wpb-content-wrapper\"><p>[vc_row full_width=&#8221;stretch_row_content&#8221; woodmart_stretch_content=&#8221;section-stretch-content&#8221; woodmart_css_id=&#8221;651d34f259bd5&#8243; responsive_spacing=&#8221;eyJwYXJhbV90eXBlIjoid29vZG1hcnRfcmVzcG9uc2l2ZV9zcGFjaW5nIiwic2VsZWN0b3JfaWQiOiI2NTFkMzRmMjU5YmQ1Iiwic2hvcnRjb2RlIjoidmNfcm93IiwiZGF0YSI6eyJ0YWJsZXQiOnt9LCJtb2JpbGUiOnt9fX0=&#8221; mobile_bg_img_hidden=&#8221;no&#8221; tablet_bg_img_hidden=&#8221;no&#8221; woodmart_parallax=&#8221;0&#8243; woodmart_gradient_switch=&#8221;no&#8221; woodmart_box_shadow=&#8221;no&#8221; wd_z_index=&#8221;no&#8221; woodmart_disable_overflow=&#8221;0&#8243; row_reverse_mobile=&#8221;0&#8243; row_reverse_tablet=&#8221;0&#8243; el_class=&#8221;tlo-blue&#8221;][vc_column][vc_column_text woodmart_inline=&#8221;no&#8221; text_larger=&#8221;no&#8221;]FABRYKA NARZ\u0118DZI SPECJALNYCH FERMOT SP\u00d3\u0141KA AKCYJNA realizuje projekt pod nazw\u0105\u00a0<strong>\u201eWdro\u017cenie nowego sposobu wielotaktowego formowania metalowych element\u00f3w system\u00f3w bezpiecze\u0144stwa w bran\u017cy motoryzacyjnej z zastosowaniem selektywnego indukcyjnego nagrzewania\u201d<\/strong><\/p>\n<p><strong>Warto\u015b\u0107 projektu:<\/strong>\u00a05\u00a0373\u00a0870,00 PLN<\/p>\n<p><strong>Wk\u0142ad Funduszy Europejskich:<\/strong>\u00a01\u00a0966\u00a0050,00 PLN<\/p>\n<p>Wi\u0119cej informacji odnosnie projektu w zak\u0142adce projektu poni\u017cej.<\/p>\n<p>Pozosta\u0142e zrealizowane projekty, przy kt\u00f3rych realizacji otrzymali\u015bmy wsparcie z Funduszy Europejskich:<\/p>\n<ul>\n<li>W roku 2006 &#8211; projekt\u00a0\u00a0<em><strong>&#8222;Wzmocnienie pozycji Fermotu na mi\u0119dzynarodowym rynku narz\u0119dzi precyzyjnych&#8221;<\/strong>,\u00a0<\/em>w ramach Sektorowego Programu Operacyjnego Wzrost Konkurencyjno\u015bci Przedsi\u0119biorstw Priorytet 2.<em>\u00a0<\/em>Bezpo\u015brednie wsparcie przedsi\u0119biorstw Dzia\u0142anie 3: Wzrost konkurencyjno\u015bci ma\u0142ych i \u015brednich przedsi\u0119biorstw poprzez inwestycje<\/li>\n<li>W roku 2012 &#8211; projekt\u00a0<strong>\u201e<em>Inwestycje w nowoczesny park maszynowy szans\u0105 na rozw\u00f3j przedsi\u0119biorstwa Fermot\u201d\u00a0<\/em><\/strong>w ramach Regionalnego Programu Operacyjnego Wojew\u00f3dztwa \u0141\u00f3dzkiego na lata 2007- 2013, O\u015b priorytetowa III: Gospodarka, innowacyjno\u015b\u0107, przedsi\u0119biorczo\u015b\u0107, Dzia\u0142anie III.2 Podnoszenie innowacyjno\u015bci i konkurencyjno\u015bci przedsi\u0119biorstw.<\/li>\n<li>W roku 2017 &#8211; projekt\u00a0<strong><em>&#8222;Wdro\u017cenie innowacyjnych rozwi\u0105za\u0144 w produkcji narz\u0119dzi post\u0119powych kierunkiem rozwoju FNS FERMOT S.A.&#8221;<\/em><\/strong>\u00a0w ramach Osi priorytetowej II: Innowacyjna i konkurencyjna gospodarka Regionalnego Programu Operacyjnego Wojew\u00f3dztwa \u0141\u00f3dzkiego na lata 2014-2020 Dzia\u0142anie II.3. Zwi\u0119kszenie konkurencyjno\u015bci M\u015aP, Poddzia\u0142anie II.3.1: Innowacje w M\u015aP<\/li>\n<li>W roku 2020 &#8211; Fermot otrzyma\u0142 dofinansowanie na realizacj\u0119 projektu pt.\u00a0<strong>\u201eDotacja na kapita\u0142 obrotowy dla FERMOT S.A.\u201d\u00a0<\/strong>w ramach dzia\u0142ania 3.4. Dotacje na kapita\u0142 obrotowy Programu Operacyjnego Inteligentny Rozw\u00f3j 2014-2020<\/li>\n<\/ul>\n<p>[\/vc_column_text][\/vc_column][\/vc_row][vc_row full_width=&#8221;stretch_row_content&#8221; woodmart_stretch_content=&#8221;section-stretch-content&#8221; woodmart_css_id=&#8221;651d2e03a2513&#8243; responsive_spacing=&#8221;eyJwYXJhbV90eXBlIjoid29vZG1hcnRfcmVzcG9uc2l2ZV9zcGFjaW5nIiwic2VsZWN0b3JfaWQiOiI2NTFkMmUwM2EyNTEzIiwic2hvcnRjb2RlIjoidmNfcm93IiwiZGF0YSI6eyJ0YWJsZXQiOnt9LCJtb2JpbGUiOnt9fX0=&#8221; mobile_bg_img_hidden=&#8221;no&#8221; tablet_bg_img_hidden=&#8221;no&#8221; woodmart_parallax=&#8221;0&#8243; woodmart_gradient_switch=&#8221;no&#8221; woodmart_box_shadow=&#8221;no&#8221; wd_z_index=&#8221;no&#8221; woodmart_disable_overflow=&#8221;0&#8243; row_reverse_mobile=&#8221;0&#8243; row_reverse_tablet=&#8221;0&#8243;][vc_column]\n\t\t<div id=\"wd-651d58deaad80\" class=\"title-wrapper wd-wpb wd-set-mb reset-last-child  wd-rs-651d58deaad80 wd-title-color-default wd-title-style-default text-left tytulek  wd-underline-colored\">\n\t\t\t\n\t\t\t<div class=\"liner-continer\">\n\t\t\t\t<h4 class=\"woodmart-title-container title  wd-font-weight- wd-fontsize-l\" >Wdro\u017cenie nowego sposobu wielotaktowego formowania metalowych element\u00f3w system\u00f3w bezpiecze\u0144stwa w bran\u017cy motoryzacyjnej z zastosowaniem selektywnego indukcyjnego nagrzewania<\/h4>\n\t\t\t\t\t\t\t<\/div>\n\t\t\t\n\t\t\t\n\t\t\t\n\t\t<\/div>\n\t\t\n\t\t[vc_single_image image=&#8221;8877&#8243; img_size=&#8221;full&#8221; alignment=&#8221;center&#8221; parallax_scroll=&#8221;no&#8221; woodmart_inline=&#8221;no&#8221;][vc_column_text woodmart_inline=&#8221;no&#8221; text_larger=&#8221;no&#8221;]<\/p>\n<div class=\"title\">Projekt realizowany w ramach poddzia\u0142ania 3.2.1 Badania na rynek Programu Operacyjnego Inteligentny Rozw\u00f3j 2014- 2020, wsp\u00f3\u0142finansowanego ze \u015brodk\u00f3w Europejskiego Funduszu Rozwoju Regionalnego<\/div>\n<div class=\"txt\">\n<p>FABRYKA NARZ\u0118DZI SPECJALNYCH FERMOT SP\u00d3\u0141KA AKCYJNA realizuje projekt pod nazw\u0105 \u201eWdro\u017cenie nowego sposobu wielotaktowego formowania metalowych element\u00f3w system\u00f3w bezpiecze\u0144stwa w bran\u017cy motoryzacyjnej z zastosowaniem selektywnego indukcyjnego nagrzewania\u201d<\/p>\n<p><strong>Cele i planowane efekty projektu:<\/strong><\/p>\n<p>Celem projektu jest wdro\u017cenie do oferty przedsi\u0119biorstwa innowacyjnej technologii wielotaktowego formowania metalowych element\u00f3w system\u00f3w bezpiecze\u0144stwa w bran\u017cy motoryzacyjnej z zastosowaniem selektywnego indukcyjnego nagrzewania, b\u0119d\u0105cej rezultatem przeprowadzonych prac B+R.<\/p>\n<p>Nowa metoda bazuje na lokalnym zwi\u0119kszeniu temperatury formowanej blachy w ograniczonym zakresie jej pola powierzchni, z kt\u00f3rej b\u0119dzie formowany wyr\u00f3b gotowy. Takie podej\u015bcie przyczynia si\u0119 do wyeliminowania lokalnych defekt\u00f3w strukturalnych wyt\u0142oczek, bez konieczno\u015bci stosowania dodatkowych operacji technologicznych. Nowy spos\u00f3b wytwarzania eliminuje wiele istniej\u0105cych niedogodno\u015bci technologicznych, produkcyjnych, konstrukcyjnych, co istotnie wp\u0142ywa na obni\u017cenie technicznego kosztu wytworzenia wyt\u0142oczki, a przede wszystkim umo\u017cliwia wytwarzania element\u00f3w trudnych technologicznie.<\/p>\n<p>Efektem realizacji projektu b\u0119dzie, m. in.:<\/p>\n<ul>\n<li>wprowadzenie innowacji procesowej, pozwalaj\u0105cej na zmniejszenie koszt\u00f3w i zwi\u0119kszenie mo\u017cliwo\u015bci technologicznych,<\/li>\n<li>wzrost konkurencyjno\u015bci przez zaoferowanie produktu b\u0119d\u0105cego odpowiedzi\u0105 na zapotrzebowanie rynku,<\/li>\n<li>zmniejszenie negatywnego wp\u0142ywu na \u015brodowisko naturalne,<\/li>\n<li>zwi\u0119kszenie aktywno\u015bci firmy na rynkach mi\u0119dzynarodowych,<\/li>\n<li>podniesienie poziomu innowacyjno\u015bci oraz znaczny rozw\u00f3j technologiczny firmy,<\/li>\n<li>budowa wizerunku firmy jako innowacyjnej i pro\u015brodowiskowej,<\/li>\n<li>stworzenie nowych miejsc pracy.<\/li>\n<\/ul>\n<p><strong>Warto\u015b\u0107 projektu:<\/strong>\u00a05\u00a0373\u00a0870,00 PLN<\/p>\n<p><strong>Wk\u0142ad Funduszy Europejskich:<\/strong>\u00a01\u00a0966\u00a0050,00 PLN<\/p>\n<\/div>\n<p>[\/vc_column_text][\/vc_column][\/vc_row]<\/p>\n<\/div>","protected":false},"excerpt":{"rendered":"<p>[vc_row full_width=&#8221;stretch_row_content&#8221; woodmart_stretch_content=&#8221;section-stretch-content&#8221; woodmart_css_id=&#8221;651d34f259bd5&#8243; responsive_spacing=&#8221;eyJwYXJhbV90eXBlIjoid29vZG1hcnRfcmVzcG9uc2l2ZV9zcGFjaW5nIiwic2VsZWN0b3JfaWQiOiI2NTFkMzRmMjU5YmQ1Iiwic2hvcn&#8230;<\/p>\n","protected":false},"author":1,"featured_media":0,"parent":0,"menu_order":0,"comment_status":"closed","ping_status":"closed","template":"","meta":{"footnotes":""},"class_list":["post-8992","page","type-page","status-publish","hentry"],"yoast_head":"<!-- This site is optimized with the Yoast SEO plugin v23.9 - https:\/\/yoast.com\/wordpress\/plugins\/seo\/ -->\n<title>Dotacje - Fermot S.A.<\/title>\n<meta name=\"robots\" content=\"index, follow, max-snippet:-1, max-image-preview:large, max-video-preview:-1\" \/>\n<link rel=\"canonical\" href=\"https:\/\/newfermot.malnetp.ovh\/pl_PL\/dotacje\/\" \/>\n<meta property=\"og:locale\" content=\"pl_PL\" \/>\n<meta property=\"og:type\" content=\"article\" \/>\n<meta property=\"og:title\" content=\"Dotacje - Fermot S.A.\" \/>\n<meta property=\"og:description\" content=\"[vc_row full_width=&quot;stretch_row_content&quot; woodmart_stretch_content=&quot;section-stretch-content&quot; woodmart_css_id=&quot;651d34f259bd5&quot; responsive_spacing=&quot;eyJwYXJhbV90eXBlIjoid29vZG1hcnRfcmVzcG9uc2l2ZV9zcGFjaW5nIiwic2VsZWN0b3JfaWQiOiI2NTFkMzRmMjU5YmQ1Iiwic2hvcn...\" \/>\n<meta property=\"og:url\" content=\"https:\/\/newfermot.malnetp.ovh\/pl_PL\/dotacje\/\" \/>\n<meta property=\"og:site_name\" content=\"Fermot S.A.\" \/>\n<meta property=\"article:modified_time\" content=\"2023-10-26T11:31:06+00:00\" \/>\n<meta name=\"twitter:card\" content=\"summary_large_image\" \/>\n<meta name=\"twitter:label1\" content=\"Szacowany czas czytania\" \/>\n\t<meta name=\"twitter:data1\" content=\"1 minuta\" \/>\n<script type=\"application\/ld+json\" class=\"yoast-schema-graph\">{\"@context\":\"https:\/\/schema.org\",\"@graph\":[{\"@type\":\"WebPage\",\"@id\":\"https:\/\/newfermot.malnetp.ovh\/pl_PL\/dotacje\/\",\"url\":\"https:\/\/newfermot.malnetp.ovh\/pl_PL\/dotacje\/\",\"name\":\"Dotacje - Fermot S.A.\",\"isPartOf\":{\"@id\":\"https:\/\/newfermot.malnetp.ovh\/pl_PL\/#website\"},\"datePublished\":\"2023-10-04T12:22:42+00:00\",\"dateModified\":\"2023-10-26T11:31:06+00:00\",\"breadcrumb\":{\"@id\":\"https:\/\/newfermot.malnetp.ovh\/pl_PL\/dotacje\/#breadcrumb\"},\"inLanguage\":\"pl-PL\",\"potentialAction\":[{\"@type\":\"ReadAction\",\"target\":[\"https:\/\/newfermot.malnetp.ovh\/pl_PL\/dotacje\/\"]}]},{\"@type\":\"BreadcrumbList\",\"@id\":\"https:\/\/newfermot.malnetp.ovh\/pl_PL\/dotacje\/#breadcrumb\",\"itemListElement\":[{\"@type\":\"ListItem\",\"position\":1,\"name\":\"Strona g\u0142\u00f3wna\",\"item\":\"https:\/\/newfermot.malnetp.ovh\/pl_PL\/\"},{\"@type\":\"ListItem\",\"position\":2,\"name\":\"Dotacje\"}]},{\"@type\":\"WebSite\",\"@id\":\"https:\/\/newfermot.malnetp.ovh\/pl_PL\/#website\",\"url\":\"https:\/\/newfermot.malnetp.ovh\/pl_PL\/\",\"name\":\"Fermot S.A.\",\"description\":\"Obr\u00f3bka cnc, Napawanie laserowe, T\u0142oczniki, wykrojniki, Regeneracja form wtryskowych, Detale t\u0142oczone na prasach, Cz\u0119\u015bci do transformator\u00f3w\",\"potentialAction\":[{\"@type\":\"SearchAction\",\"target\":{\"@type\":\"EntryPoint\",\"urlTemplate\":\"https:\/\/newfermot.malnetp.ovh\/pl_PL\/?s={search_term_string}\"},\"query-input\":{\"@type\":\"PropertyValueSpecification\",\"valueRequired\":true,\"valueName\":\"search_term_string\"}}],\"inLanguage\":\"pl-PL\"}]}<\/script>\n<!-- \/ Yoast SEO plugin. -->","yoast_head_json":{"title":"Dotacje - Fermot S.A.","robots":{"index":"index","follow":"follow","max-snippet":"max-snippet:-1","max-image-preview":"max-image-preview:large","max-video-preview":"max-video-preview:-1"},"canonical":"https:\/\/newfermot.malnetp.ovh\/pl_PL\/dotacje\/","og_locale":"pl_PL","og_type":"article","og_title":"Dotacje - Fermot S.A.","og_description":"[vc_row full_width=\"stretch_row_content\" woodmart_stretch_content=\"section-stretch-content\" woodmart_css_id=\"651d34f259bd5\" responsive_spacing=\"eyJwYXJhbV90eXBlIjoid29vZG1hcnRfcmVzcG9uc2l2ZV9zcGFjaW5nIiwic2VsZWN0b3JfaWQiOiI2NTFkMzRmMjU5YmQ1Iiwic2hvcn...","og_url":"https:\/\/newfermot.malnetp.ovh\/pl_PL\/dotacje\/","og_site_name":"Fermot S.A.","article_modified_time":"2023-10-26T11:31:06+00:00","twitter_card":"summary_large_image","twitter_misc":{"Szacowany czas czytania":"1 minuta"},"schema":{"@context":"https:\/\/schema.org","@graph":[{"@type":"WebPage","@id":"https:\/\/newfermot.malnetp.ovh\/pl_PL\/dotacje\/","url":"https:\/\/newfermot.malnetp.ovh\/pl_PL\/dotacje\/","name":"Dotacje - Fermot S.A.","isPartOf":{"@id":"https:\/\/newfermot.malnetp.ovh\/pl_PL\/#website"},"datePublished":"2023-10-04T12:22:42+00:00","dateModified":"2023-10-26T11:31:06+00:00","breadcrumb":{"@id":"https:\/\/newfermot.malnetp.ovh\/pl_PL\/dotacje\/#breadcrumb"},"inLanguage":"pl-PL","potentialAction":[{"@type":"ReadAction","target":["https:\/\/newfermot.malnetp.ovh\/pl_PL\/dotacje\/"]}]},{"@type":"BreadcrumbList","@id":"https:\/\/newfermot.malnetp.ovh\/pl_PL\/dotacje\/#breadcrumb","itemListElement":[{"@type":"ListItem","position":1,"name":"Strona g\u0142\u00f3wna","item":"https:\/\/newfermot.malnetp.ovh\/pl_PL\/"},{"@type":"ListItem","position":2,"name":"Dotacje"}]},{"@type":"WebSite","@id":"https:\/\/newfermot.malnetp.ovh\/pl_PL\/#website","url":"https:\/\/newfermot.malnetp.ovh\/pl_PL\/","name":"Fermot S.A.","description":"Obr\u00f3bka cnc, Napawanie laserowe, T\u0142oczniki, wykrojniki, Regeneracja form wtryskowych, Detale t\u0142oczone na prasach, Cz\u0119\u015bci do transformator\u00f3w","potentialAction":[{"@type":"SearchAction","target":{"@type":"EntryPoint","urlTemplate":"https:\/\/newfermot.malnetp.ovh\/pl_PL\/?s={search_term_string}"},"query-input":{"@type":"PropertyValueSpecification","valueRequired":true,"valueName":"search_term_string"}}],"inLanguage":"pl-PL"}]}},"_links":{"self":[{"href":"https:\/\/newfermot.malnetp.ovh\/pl_PL\/wp-json\/wp\/v2\/pages\/8992","targetHints":{"allow":["GET"]}}],"collection":[{"href":"https:\/\/newfermot.malnetp.ovh\/pl_PL\/wp-json\/wp\/v2\/pages"}],"about":[{"href":"https:\/\/newfermot.malnetp.ovh\/pl_PL\/wp-json\/wp\/v2\/types\/page"}],"author":[{"embeddable":true,"href":"https:\/\/newfermot.malnetp.ovh\/pl_PL\/wp-json\/wp\/v2\/users\/1"}],"replies":[{"embeddable":true,"href":"https:\/\/newfermot.malnetp.ovh\/pl_PL\/wp-json\/wp\/v2\/comments?post=8992"}],"version-history":[{"count":9,"href":"https:\/\/newfermot.malnetp.ovh\/pl_PL\/wp-json\/wp\/v2\/pages\/8992\/revisions"}],"predecessor-version":[{"id":9452,"href":"https:\/\/newfermot.malnetp.ovh\/pl_PL\/wp-json\/wp\/v2\/pages\/8992\/revisions\/9452"}],"wp:attachment":[{"href":"https:\/\/newfermot.malnetp.ovh\/pl_PL\/wp-json\/wp\/v2\/media?parent=8992"}],"curies":[{"name":"wp","href":"https:\/\/api.w.org\/{rel}","templated":true}]}}