{"id":8739,"date":"2023-09-26T08:44:24","date_gmt":"2023-09-26T08:44:24","guid":{"rendered":"https:\/\/newfermot.malnetp.ovh\/?page_id=8739"},"modified":"2023-10-24T08:36:51","modified_gmt":"2023-10-24T08:36:51","slug":"o-nas","status":"publish","type":"page","link":"https:\/\/newfermot.malnetp.ovh\/pl_PL\/o-nas\/","title":{"rendered":"O nas"},"content":{"rendered":"<div class=\"wpb-content-wrapper\"><p>[vc_row full_width=&#8221;stretch_row_content&#8221; woodmart_stretch_content=&#8221;section-stretch-content&#8221; woodmart_css_id=&#8221;651fd6cb17d0c&#8221; responsive_spacing=&#8221;eyJwYXJhbV90eXBlIjoid29vZG1hcnRfcmVzcG9uc2l2ZV9zcGFjaW5nIiwic2VsZWN0b3JfaWQiOiI2NTFmZDZjYjE3ZDBjIiwic2hvcnRjb2RlIjoidmNfcm93IiwiZGF0YSI6eyJ0YWJsZXQiOnt9LCJtb2JpbGUiOnt9fX0=&#8221; mobile_bg_img_hidden=&#8221;no&#8221; tablet_bg_img_hidden=&#8221;no&#8221; woodmart_parallax=&#8221;0&#8243; woodmart_gradient_switch=&#8221;no&#8221; woodmart_box_shadow=&#8221;no&#8221; wd_z_index=&#8221;no&#8221; woodmart_disable_overflow=&#8221;0&#8243; row_reverse_mobile=&#8221;0&#8243; row_reverse_tablet=&#8221;0&#8243;][vc_column][vc_single_image image=&#8221;9191&#8243; img_size=&#8221;full&#8221; parallax_scroll=&#8221;no&#8221; woodmart_inline=&#8221;no&#8221;][\/vc_column][\/vc_row][vc_row full_width=&#8221;stretch_row_content&#8221; woodmart_stretch_content=&#8221;section-stretch-content&#8221; woodmart_css_id=&#8221;651d2e03a2513&#8243; responsive_spacing=&#8221;eyJwYXJhbV90eXBlIjoid29vZG1hcnRfcmVzcG9uc2l2ZV9zcGFjaW5nIiwic2VsZWN0b3JfaWQiOiI2NTFkMmUwM2EyNTEzIiwic2hvcnRjb2RlIjoidmNfcm93IiwiZGF0YSI6eyJ0YWJsZXQiOnt9LCJtb2JpbGUiOnt9fX0=&#8221; mobile_bg_img_hidden=&#8221;no&#8221; tablet_bg_img_hidden=&#8221;no&#8221; woodmart_parallax=&#8221;0&#8243; woodmart_gradient_switch=&#8221;no&#8221; woodmart_box_shadow=&#8221;no&#8221; wd_z_index=&#8221;no&#8221; woodmart_disable_overflow=&#8221;0&#8243; row_reverse_mobile=&#8221;0&#8243; row_reverse_tablet=&#8221;0&#8243;][vc_column][vc_column_text woodmart_inline=&#8221;no&#8221; text_larger=&#8221;no&#8221;]G\u0142\u00f3wne obszary dzia\u0142alno\u015bci naszej firmy to:<\/p>\n<ul>\n<li>Produkcja narz\u0119dzi precyzyjnych <strong>&#8211; <\/strong>wykrojnik\u00f3w, t\u0142ocznik\u00f3w, narz\u0119dzi post\u0119powych o masie do 15 ton dla wielu bran\u017c przemys\u0142u &#8211; wed\u0142ug w\u0142asnej dokumentacji konstrukcyjnej 3D\/2D (SolidWorks) lub powierzonej przez klienta.<\/li>\n<li>Pe\u0142en zakres us\u0142ug obr\u00f3bki maszynowej na maszynach CNC i konwencjonalnych, w tym us\u0142ugi napawania laserowego.<\/li>\n<li>Seryjna produkcja element\u00f3w t\u0142oczonych i wykrawanych na prasach (max. nacisk 400 ton), g\u0142\u00f3wnie dla odbiorc\u00f3w z bran\u017cy automotive oraz AGD<\/li>\n<li>Produkcja kszta\u0142tek transformatorowych i element\u00f3w mocuj\u0105cych do transformator\u00f3w<\/li>\n<li>Firma zatrudnia 80 os\u00f3b<\/li>\n<\/ul>\n<p>\u00a0<\/p>\n<h2><strong>Historia<\/strong><\/h2>\n<p>[\/vc_column_text][\/vc_column][\/vc_row][vc_row][vc_column]\t\t<div id=\"wd-651fd71251fc2\" class=\"wd-timeline-wrapper wd-item-default wd-line-default wd-rs-651fd71251fc2 \">\n\t\t\t<div class=\"woodmart-timeline-line\">\n\t\t\t\t<span class=\"line-dot dot-start\"><\/span>\n\t\t\t\t<span class=\"line-dot dot-end\"><\/span>\n\t\t\t<\/div>\n\t\t\t<div class=\"wd-timeline\">\n\t\t\t\t\t\t<div id=\"wd-65253e4b0a017\" class=\"wd-timeline-item wd-item-position-left\">\n\n\t\t\t<div class=\"woodmart-timeline-dot\"><\/div>\n\n\t\t\t<div class=\"timeline-col timeline-col-primary\">\n\t\t\t\t<span class=\"timeline-arrow\"><\/span>\n\t\t\t\t\t\t\t\t<h4 class=\"wd-timeline-title\">1999<\/h4>\n\t\t\t\t<div class=\"wd-timeline-content wd-set-mb reset-last-child\"><\/div>\n\t\t\t<\/div>\n\n\t\t\t<div class=\"timeline-col timeline-col-secondary\">\t\n\t\t\t\t<span class=\"timeline-arrow\"><\/span>\n\t\t\t\t\t\t\t\t<h4 class=\"wd-timeline-title\">\u2022 Powstanie Fabryki Narz\u0119dzi Specjalnych FERMOT S.A. z po\u0142\u0105czenia narz\u0119dziowni dw\u00f3ch du\u017cych skierniewickich zak\u0142ad\u00f3w - ZATRA i Philips Ferpol.<\/h4>\n\t\t\t\t<div class=\"wd-timeline-content wd-set-mb reset-last-child\"><\/div>\n\t\t\t<\/div>\n\t\t\t\t\t<\/div>\n\t\t\t\t<div id=\"wd-65253e561b555\" class=\"wd-timeline-item wd-item-position-left\">\n\n\t\t\t<div class=\"woodmart-timeline-dot\"><\/div>\n\n\t\t\t<div class=\"timeline-col timeline-col-primary\">\n\t\t\t\t<span class=\"timeline-arrow\"><\/span>\n\t\t\t\t\t\t\t\t<h4 class=\"wd-timeline-title\">2003<\/h4>\n\t\t\t\t<div class=\"wd-timeline-content wd-set-mb reset-last-child\"><\/div>\n\t\t\t<\/div>\n\n\t\t\t<div class=\"timeline-col timeline-col-secondary\">\t\n\t\t\t\t<span class=\"timeline-arrow\"><\/span>\n\t\t\t\t\t\t\t\t<h4 class=\"wd-timeline-title\">\u2022 Transfer technologii oraz maszyn z zak\u0142adu LG.Philips Displays z Southport w Wlk. Brytanii.<\/h4>\n\t\t\t\t<div class=\"wd-timeline-content wd-set-mb reset-last-child\">\u2022 Fermot staje si\u0119 g\u0142\u00f3wnym dostawc\u0105 narz\u0119dzi dla wi\u0119kszo\u015bci fabryk rdzeni ferrytowych koncernu LG.Philips Displays.<\/div>\n\t\t\t<\/div>\n\t\t\t\t\t<\/div>\n\t\t\t\t<div id=\"wd-65253e5d3632c\" class=\"wd-timeline-item wd-item-position-left\">\n\n\t\t\t<div class=\"woodmart-timeline-dot\"><\/div>\n\n\t\t\t<div class=\"timeline-col timeline-col-primary\">\n\t\t\t\t<span class=\"timeline-arrow\"><\/span>\n\t\t\t\t\t\t\t\t<h4 class=\"wd-timeline-title\">2003<\/h4>\n\t\t\t\t<div class=\"wd-timeline-content wd-set-mb reset-last-child\"><\/div>\n\t\t\t<\/div>\n\n\t\t\t<div class=\"timeline-col timeline-col-secondary\">\t\n\t\t\t\t<span class=\"timeline-arrow\"><\/span>\n\t\t\t\t\t\t\t\t<h4 class=\"wd-timeline-title\">\u2022 Certyfikacja Systemu Zarz\u0105dzania Jako\u015bci\u0105 ISO 9000 w zakresie produkcji narz\u0119dzi<\/h4>\n\t\t\t\t<div class=\"wd-timeline-content wd-set-mb reset-last-child\"><\/div>\n\t\t\t<\/div>\n\t\t\t\t\t<\/div>\n\t\t\t\t<div id=\"wd-65253e65a3d98\" class=\"wd-timeline-item wd-item-position-left\">\n\n\t\t\t<div class=\"woodmart-timeline-dot\"><\/div>\n\n\t\t\t<div class=\"timeline-col timeline-col-primary\">\n\t\t\t\t<span class=\"timeline-arrow\"><\/span>\n\t\t\t\t\t\t\t\t<h4 class=\"wd-timeline-title\">2005<\/h4>\n\t\t\t\t<div class=\"wd-timeline-content wd-set-mb reset-last-child\"><\/div>\n\t\t\t<\/div>\n\n\t\t\t<div class=\"timeline-col timeline-col-secondary\">\t\n\t\t\t\t<span class=\"timeline-arrow\"><\/span>\n\t\t\t\t\t\t\t\t<h4 class=\"wd-timeline-title\">\u2022 Nabycie t\u0142oczni produkuj\u0105cej elementy do transformator\u00f3w od zak\u0142ad\u00f3w Zatra SA. Kontynuacja produkcji akcesori\u00f3w do transformator\u00f3w pod logo FERMOT.<\/h4>\n\t\t\t\t<div class=\"wd-timeline-content wd-set-mb reset-last-child\"><\/div>\n\t\t\t<\/div>\n\t\t\t\t\t<\/div>\n\t\t\t\t<div id=\"wd-65253e31dda9c\" class=\"wd-timeline-item wd-item-position-left\">\n\n\t\t\t<div class=\"woodmart-timeline-dot\"><\/div>\n\n\t\t\t<div class=\"timeline-col timeline-col-primary\">\n\t\t\t\t<span class=\"timeline-arrow\"><\/span>\n\t\t\t\t\t\t\t\t<h4 class=\"wd-timeline-title\">2010<\/h4>\n\t\t\t\t<div class=\"wd-timeline-content wd-set-mb reset-last-child\"><\/div>\n\t\t\t<\/div>\n\n\t\t\t<div class=\"timeline-col timeline-col-secondary\">\t\n\t\t\t\t<span class=\"timeline-arrow\"><\/span>\n\t\t\t\t\t\t\t\t<h4 class=\"wd-timeline-title\">\u2022 Rozpocz\u0119cie produkcji narz\u0119dzi post\u0119powych i transferowych dla bran\u017cy automotive i AGD<\/h4>\n\t\t\t\t<div class=\"wd-timeline-content wd-set-mb reset-last-child\"><\/div>\n\t\t\t<\/div>\n\t\t\t\t\t<\/div>\n\t\t\t\t<div id=\"wd-65253e8b6213d\" class=\"wd-timeline-item wd-item-position-left\">\n\n\t\t\t<div class=\"woodmart-timeline-dot\"><\/div>\n\n\t\t\t<div class=\"timeline-col timeline-col-primary\">\n\t\t\t\t<span class=\"timeline-arrow\"><\/span>\n\t\t\t\t\t\t\t\t<h4 class=\"wd-timeline-title\">2011<\/h4>\n\t\t\t\t<div class=\"wd-timeline-content wd-set-mb reset-last-child\"><\/div>\n\t\t\t<\/div>\n\n\t\t\t<div class=\"timeline-col timeline-col-secondary\">\t\n\t\t\t\t<span class=\"timeline-arrow\"><\/span>\n\t\t\t\t\t\t\t\t<h4 class=\"wd-timeline-title\">\u2022 Certyfikacja Systemu Zarz\u0105dzania Jako\u015bci\u0105 wg normy ISO 9000 w zakresie produkcji seryjnej wyrob\u00f3w na t\u0142oczni.<\/h4>\n\t\t\t\t<div class=\"wd-timeline-content wd-set-mb reset-last-child\">\u2022 Rozpocz\u0119cie produkcji seryjnej wyrob\u00f3w na zlecenie klient\u00f3w. Od tego momentu produkujemy wyroby dla znanych producent\u00f3w z bran\u017cy automotive i AGD.<\/div>\n\t\t\t<\/div>\n\t\t\t\t\t<\/div>\n\t\t\t\t<div id=\"wd-65253e94a3c58\" class=\"wd-timeline-item wd-item-position-left\">\n\n\t\t\t<div class=\"woodmart-timeline-dot\"><\/div>\n\n\t\t\t<div class=\"timeline-col timeline-col-primary\">\n\t\t\t\t<span class=\"timeline-arrow\"><\/span>\n\t\t\t\t\t\t\t\t<h4 class=\"wd-timeline-title\">2012<\/h4>\n\t\t\t\t<div class=\"wd-timeline-content wd-set-mb reset-last-child\"><\/div>\n\t\t\t<\/div>\n\n\t\t\t<div class=\"timeline-col timeline-col-secondary\">\t\n\t\t\t\t<span class=\"timeline-arrow\"><\/span>\n\t\t\t\t\t\t\t\t<h4 class=\"wd-timeline-title\">\u2022 Rozbudowa parku maszynowego narz\u0119dziowni oraz biura konstrukcyjnego<\/h4>\n\t\t\t\t<div class=\"wd-timeline-content wd-set-mb reset-last-child\"><\/div>\n\t\t\t<\/div>\n\t\t\t\t\t<\/div>\n\t\t\t\t<div id=\"wd-65253eecc29fd\" class=\"wd-timeline-item wd-item-position-left\">\n\n\t\t\t<div class=\"woodmart-timeline-dot\"><\/div>\n\n\t\t\t<div class=\"timeline-col timeline-col-primary\">\n\t\t\t\t<span class=\"timeline-arrow\"><\/span>\n\t\t\t\t\t\t\t\t<h4 class=\"wd-timeline-title\">2017<\/h4>\n\t\t\t\t<div class=\"wd-timeline-content wd-set-mb reset-last-child\"><\/div>\n\t\t\t<\/div>\n\n\t\t\t<div class=\"timeline-col timeline-col-secondary\">\t\n\t\t\t\t<span class=\"timeline-arrow\"><\/span>\n\t\t\t\t\t\t\t\t<h4 class=\"wd-timeline-title\">\u2022 Budowa nowej hali produkcyjnej oraz przebudowa zaplecza socjalnego i biurowego<\/h4>\n\t\t\t\t<div class=\"wd-timeline-content wd-set-mb reset-last-child\">\u2022 Zakup pierwszej prasy 400 ton wyposa\u017conej w lini\u0119 podaj\u0105c\u0105 i transfer, o wymiarach sto\u0142u 3000x1400 mm.<br \/>\n\u2022 Wdro\u017cenie systemu ERP<\/div>\n\t\t\t<\/div>\n\t\t\t\t\t<\/div>\n\t\t\t\t<div id=\"wd-65253eb71baba\" class=\"wd-timeline-item wd-item-position-left\">\n\n\t\t\t<div class=\"woodmart-timeline-dot\"><\/div>\n\n\t\t\t<div class=\"timeline-col timeline-col-primary\">\n\t\t\t\t<span class=\"timeline-arrow\"><\/span>\n\t\t\t\t\t\t\t\t<h4 class=\"wd-timeline-title\">2018 \u2013 obecnie<\/h4>\n\t\t\t\t<div class=\"wd-timeline-content wd-set-mb reset-last-child\"><\/div>\n\t\t\t<\/div>\n\n\t\t\t<div class=\"timeline-col timeline-col-secondary\">\t\n\t\t\t\t<span class=\"timeline-arrow\"><\/span>\n\t\t\t\t\t\t\t\t<h4 class=\"wd-timeline-title\">\u2022 Dalszy rozw\u00f3j t\u0142oczni i narz\u0119dziowni poprzez inwestycje w nowe maszyny i technologie<\/h4>\n\t\t\t\t<div class=\"wd-timeline-content wd-set-mb reset-last-child\"><\/div>\n\t\t\t<\/div>\n\t\t\t\t\t<\/div>\n\t\t\t\t\t<\/div>\n\t\t\t\t\t<\/div>\n\t\t[\/vc_column][\/vc_row]<\/p>\n<\/div>","protected":false},"excerpt":{"rendered":"<p>[vc_row full_width=&#8221;stretch_row_content&#8221; woodmart_stretch_content=&#8221;section-stretch-content&#8221; woodmart_css_id=&#8221;651fd6cb17d0c&#8221; responsive_spacing=&#8221;eyJwYXJhbV90eXBlIjoid29vZG1hcnRfcmVzcG9uc2l2ZV9zcGFjaW5nIiwic2VsZWN0b3JfaWQiOiI2NTFmZDZjYjE3ZDBjIiwic2hvcn&#8230;<\/p>\n","protected":false},"author":1,"featured_media":0,"parent":0,"menu_order":0,"comment_status":"closed","ping_status":"closed","template":"","meta":{"footnotes":""},"class_list":["post-8739","page","type-page","status-publish","hentry"],"yoast_head":"<!-- This site is optimized with the Yoast SEO plugin v23.9 - https:\/\/yoast.com\/wordpress\/plugins\/seo\/ -->\n<title>O nas - Fermot S.A.<\/title>\n<meta name=\"robots\" content=\"index, follow, max-snippet:-1, max-image-preview:large, max-video-preview:-1\" \/>\n<link rel=\"canonical\" href=\"https:\/\/newfermot.malnetp.ovh\/en_GB\/o-nas\/\" \/>\n<meta property=\"og:locale\" content=\"pl_PL\" \/>\n<meta property=\"og:type\" content=\"article\" \/>\n<meta property=\"og:title\" content=\"O nas - Fermot S.A.\" \/>\n<meta property=\"og:description\" content=\"[vc_row full_width=&quot;stretch_row_content&quot; woodmart_stretch_content=&quot;section-stretch-content&quot; woodmart_css_id=&quot;651fd6cb17d0c&quot; responsive_spacing=&quot;eyJwYXJhbV90eXBlIjoid29vZG1hcnRfcmVzcG9uc2l2ZV9zcGFjaW5nIiwic2VsZWN0b3JfaWQiOiI2NTFmZDZjYjE3ZDBjIiwic2hvcn...\" \/>\n<meta property=\"og:url\" content=\"https:\/\/newfermot.malnetp.ovh\/en_GB\/o-nas\/\" \/>\n<meta property=\"og:site_name\" content=\"Fermot S.A.\" \/>\n<meta property=\"article:modified_time\" content=\"2023-10-24T08:36:51+00:00\" \/>\n<meta name=\"twitter:card\" content=\"summary_large_image\" \/>\n<meta name=\"twitter:label1\" content=\"Szacowany czas czytania\" \/>\n\t<meta name=\"twitter:data1\" content=\"2 minuty\" \/>\n<script type=\"application\/ld+json\" class=\"yoast-schema-graph\">{\"@context\":\"https:\/\/schema.org\",\"@graph\":[{\"@type\":\"WebPage\",\"@id\":\"https:\/\/newfermot.malnetp.ovh\/en_GB\/o-nas\/\",\"url\":\"https:\/\/newfermot.malnetp.ovh\/en_GB\/o-nas\/\",\"name\":\"O nas - Fermot S.A.\",\"isPartOf\":{\"@id\":\"https:\/\/newfermot.malnetp.ovh\/pl_PL\/#website\"},\"datePublished\":\"2023-09-26T08:44:24+00:00\",\"dateModified\":\"2023-10-24T08:36:51+00:00\",\"breadcrumb\":{\"@id\":\"https:\/\/newfermot.malnetp.ovh\/en_GB\/o-nas\/#breadcrumb\"},\"inLanguage\":\"pl-PL\",\"potentialAction\":[{\"@type\":\"ReadAction\",\"target\":[\"https:\/\/newfermot.malnetp.ovh\/en_GB\/o-nas\/\"]}]},{\"@type\":\"BreadcrumbList\",\"@id\":\"https:\/\/newfermot.malnetp.ovh\/en_GB\/o-nas\/#breadcrumb\",\"itemListElement\":[{\"@type\":\"ListItem\",\"position\":1,\"name\":\"Strona g\u0142\u00f3wna\",\"item\":\"https:\/\/newfermot.malnetp.ovh\/pl_PL\/\"},{\"@type\":\"ListItem\",\"position\":2,\"name\":\"About us\"}]},{\"@type\":\"WebSite\",\"@id\":\"https:\/\/newfermot.malnetp.ovh\/pl_PL\/#website\",\"url\":\"https:\/\/newfermot.malnetp.ovh\/pl_PL\/\",\"name\":\"Fermot S.A.\",\"description\":\"Obr\u00f3bka cnc, Napawanie laserowe, T\u0142oczniki, wykrojniki, Regeneracja form wtryskowych, Detale t\u0142oczone na prasach, Cz\u0119\u015bci do transformator\u00f3w\",\"potentialAction\":[{\"@type\":\"SearchAction\",\"target\":{\"@type\":\"EntryPoint\",\"urlTemplate\":\"https:\/\/newfermot.malnetp.ovh\/pl_PL\/?s={search_term_string}\"},\"query-input\":{\"@type\":\"PropertyValueSpecification\",\"valueRequired\":true,\"valueName\":\"search_term_string\"}}],\"inLanguage\":\"pl-PL\"}]}<\/script>\n<!-- \/ Yoast SEO plugin. -->","yoast_head_json":{"title":"O nas - Fermot S.A.","robots":{"index":"index","follow":"follow","max-snippet":"max-snippet:-1","max-image-preview":"max-image-preview:large","max-video-preview":"max-video-preview:-1"},"canonical":"https:\/\/newfermot.malnetp.ovh\/en_GB\/o-nas\/","og_locale":"pl_PL","og_type":"article","og_title":"O nas - Fermot S.A.","og_description":"[vc_row full_width=\"stretch_row_content\" woodmart_stretch_content=\"section-stretch-content\" woodmart_css_id=\"651fd6cb17d0c\" responsive_spacing=\"eyJwYXJhbV90eXBlIjoid29vZG1hcnRfcmVzcG9uc2l2ZV9zcGFjaW5nIiwic2VsZWN0b3JfaWQiOiI2NTFmZDZjYjE3ZDBjIiwic2hvcn...","og_url":"https:\/\/newfermot.malnetp.ovh\/en_GB\/o-nas\/","og_site_name":"Fermot S.A.","article_modified_time":"2023-10-24T08:36:51+00:00","twitter_card":"summary_large_image","twitter_misc":{"Szacowany czas czytania":"2 minuty"},"schema":{"@context":"https:\/\/schema.org","@graph":[{"@type":"WebPage","@id":"https:\/\/newfermot.malnetp.ovh\/en_GB\/o-nas\/","url":"https:\/\/newfermot.malnetp.ovh\/en_GB\/o-nas\/","name":"O nas - Fermot S.A.","isPartOf":{"@id":"https:\/\/newfermot.malnetp.ovh\/pl_PL\/#website"},"datePublished":"2023-09-26T08:44:24+00:00","dateModified":"2023-10-24T08:36:51+00:00","breadcrumb":{"@id":"https:\/\/newfermot.malnetp.ovh\/en_GB\/o-nas\/#breadcrumb"},"inLanguage":"pl-PL","potentialAction":[{"@type":"ReadAction","target":["https:\/\/newfermot.malnetp.ovh\/en_GB\/o-nas\/"]}]},{"@type":"BreadcrumbList","@id":"https:\/\/newfermot.malnetp.ovh\/en_GB\/o-nas\/#breadcrumb","itemListElement":[{"@type":"ListItem","position":1,"name":"Strona g\u0142\u00f3wna","item":"https:\/\/newfermot.malnetp.ovh\/pl_PL\/"},{"@type":"ListItem","position":2,"name":"About us"}]},{"@type":"WebSite","@id":"https:\/\/newfermot.malnetp.ovh\/pl_PL\/#website","url":"https:\/\/newfermot.malnetp.ovh\/pl_PL\/","name":"Fermot S.A.","description":"Obr\u00f3bka cnc, Napawanie laserowe, T\u0142oczniki, wykrojniki, Regeneracja form wtryskowych, Detale t\u0142oczone na prasach, Cz\u0119\u015bci do transformator\u00f3w","potentialAction":[{"@type":"SearchAction","target":{"@type":"EntryPoint","urlTemplate":"https:\/\/newfermot.malnetp.ovh\/pl_PL\/?s={search_term_string}"},"query-input":{"@type":"PropertyValueSpecification","valueRequired":true,"valueName":"search_term_string"}}],"inLanguage":"pl-PL"}]}},"_links":{"self":[{"href":"https:\/\/newfermot.malnetp.ovh\/pl_PL\/wp-json\/wp\/v2\/pages\/8739","targetHints":{"allow":["GET"]}}],"collection":[{"href":"https:\/\/newfermot.malnetp.ovh\/pl_PL\/wp-json\/wp\/v2\/pages"}],"about":[{"href":"https:\/\/newfermot.malnetp.ovh\/pl_PL\/wp-json\/wp\/v2\/types\/page"}],"author":[{"embeddable":true,"href":"https:\/\/newfermot.malnetp.ovh\/pl_PL\/wp-json\/wp\/v2\/users\/1"}],"replies":[{"embeddable":true,"href":"https:\/\/newfermot.malnetp.ovh\/pl_PL\/wp-json\/wp\/v2\/comments?post=8739"}],"version-history":[{"count":43,"href":"https:\/\/newfermot.malnetp.ovh\/pl_PL\/wp-json\/wp\/v2\/pages\/8739\/revisions"}],"predecessor-version":[{"id":9427,"href":"https:\/\/newfermot.malnetp.ovh\/pl_PL\/wp-json\/wp\/v2\/pages\/8739\/revisions\/9427"}],"wp:attachment":[{"href":"https:\/\/newfermot.malnetp.ovh\/pl_PL\/wp-json\/wp\/v2\/media?parent=8739"}],"curies":[{"name":"wp","href":"https:\/\/api.w.org\/{rel}","templated":true}]}}