{"id":9221,"date":"2023-10-09T07:36:46","date_gmt":"2023-10-09T07:36:46","guid":{"rendered":"https:\/\/newfermot.malnetp.ovh\/?page_id=9221"},"modified":"2023-10-20T14:26:32","modified_gmt":"2023-10-20T14:26:32","slug":"for-shareholders","status":"publish","type":"page","link":"https:\/\/newfermot.malnetp.ovh\/en_GB\/for-shareholders\/","title":{"rendered":"For Shareholders"},"content":{"rendered":"<div class=\"wpb-content-wrapper\"><p>[vc_row full_width=&#8221;stretch_row_content&#8221; woodmart_stretch_content=&#8221;section-stretch-content&#8221; woodmart_css_id=&#8221;651d34f259bd5&#8243; responsive_spacing=&#8221;eyJwYXJhbV90eXBlIjoid29vZG1hcnRfcmVzcG9uc2l2ZV9zcGFjaW5nIiwic2VsZWN0b3JfaWQiOiI2NTFkMzRmMjU5YmQ1Iiwic2hvcnRjb2RlIjoidmNfcm93IiwiZGF0YSI6eyJ0YWJsZXQiOnt9LCJtb2JpbGUiOnt9fX0=&#8221; mobile_bg_img_hidden=&#8221;no&#8221; tablet_bg_img_hidden=&#8221;no&#8221; woodmart_parallax=&#8221;0&#8243; woodmart_gradient_switch=&#8221;no&#8221; woodmart_box_shadow=&#8221;no&#8221; wd_z_index=&#8221;no&#8221; woodmart_disable_overflow=&#8221;0&#8243; row_reverse_mobile=&#8221;0&#8243; row_reverse_tablet=&#8221;0&#8243; el_class=&#8221;tlo-blue&#8221;][vc_column][vc_column_text woodmart_inline=&#8221;no&#8221; text_larger=&#8221;no&#8221;]Information for Suppliers and Business Partners of Fermot S.A.[\/vc_column_text][\/vc_column][\/vc_row][vc_row full_width=&#8221;stretch_row_content&#8221; woodmart_stretch_content=&#8221;section-stretch-content&#8221; woodmart_css_id=&#8221;651d2e03a2513&#8243; responsive_spacing=&#8221;eyJwYXJhbV90eXBlIjoid29vZG1hcnRfcmVzcG9uc2l2ZV9zcGFjaW5nIiwic2VsZWN0b3JfaWQiOiI2NTFkMmUwM2EyNTEzIiwic2hvcnRjb2RlIjoidmNfcm93IiwiZGF0YSI6eyJ0YWJsZXQiOnt9LCJtb2JpbGUiOnt9fX0=&#8221; mobile_bg_img_hidden=&#8221;no&#8221; tablet_bg_img_hidden=&#8221;no&#8221; woodmart_parallax=&#8221;0&#8243; woodmart_gradient_switch=&#8221;no&#8221; woodmart_box_shadow=&#8221;no&#8221; wd_z_index=&#8221;no&#8221; woodmart_disable_overflow=&#8221;0&#8243; row_reverse_mobile=&#8221;0&#8243; row_reverse_tablet=&#8221;0&#8243;][vc_column][\/vc_column][\/vc_row]<\/p>\n<\/div>","protected":false},"excerpt":{"rendered":"<p>[vc_row full_width=&#8221;stretch_row_content&#8221; woodmart_stretch_content=&#8221;section-stretch-content&#8221; woodmart_css_id=&#8221;651d34f259bd5&#8243; responsive_spacing=&#8221;eyJwYXJhbV90eXBlIjoid29vZG1hcnRfcmVzcG9uc2l2ZV9zcGFjaW5nIiwic2VsZWN0b3JfaWQiOiI2NTFkMzRmMjU5YmQ1Iiwic2hvcn&#8230;<\/p>\n","protected":false},"author":1,"featured_media":0,"parent":0,"menu_order":0,"comment_status":"closed","ping_status":"closed","template":"","meta":{"footnotes":""},"class_list":["post-9221","page","type-page","status-publish","hentry"],"yoast_head":"<!-- This site is optimized with the Yoast SEO plugin v23.9 - https:\/\/yoast.com\/wordpress\/plugins\/seo\/ -->\n<title>Dla akcjonariuszy - Fermot S.A.<\/title>\n<meta name=\"robots\" content=\"index, follow, max-snippet:-1, max-image-preview:large, max-video-preview:-1\" \/>\n<link rel=\"canonical\" href=\"https:\/\/newfermot.malnetp.ovh\/pl_PL\/for-shareholders\/\" \/>\n<meta property=\"og:locale\" content=\"pl_PL\" \/>\n<meta property=\"og:type\" content=\"article\" \/>\n<meta property=\"og:title\" content=\"Dla akcjonariuszy - Fermot S.A.\" \/>\n<meta property=\"og:description\" content=\"[vc_row full_width=&quot;stretch_row_content&quot; woodmart_stretch_content=&quot;section-stretch-content&quot; woodmart_css_id=&quot;651d34f259bd5&quot; responsive_spacing=&quot;eyJwYXJhbV90eXBlIjoid29vZG1hcnRfcmVzcG9uc2l2ZV9zcGFjaW5nIiwic2VsZWN0b3JfaWQiOiI2NTFkMzRmMjU5YmQ1Iiwic2hvcn...\" \/>\n<meta property=\"og:url\" content=\"https:\/\/newfermot.malnetp.ovh\/pl_PL\/for-shareholders\/\" \/>\n<meta property=\"og:site_name\" content=\"Fermot S.A.\" \/>\n<meta property=\"article:modified_time\" content=\"2023-10-20T14:26:32+00:00\" \/>\n<meta name=\"twitter:card\" content=\"summary_large_image\" \/>\n<meta name=\"twitter:label1\" content=\"Szacowany czas czytania\" \/>\n\t<meta name=\"twitter:data1\" content=\"1 minuta\" \/>\n<script type=\"application\/ld+json\" class=\"yoast-schema-graph\">{\"@context\":\"https:\/\/schema.org\",\"@graph\":[{\"@type\":\"WebPage\",\"@id\":\"https:\/\/newfermot.malnetp.ovh\/pl_PL\/for-shareholders\/\",\"url\":\"https:\/\/newfermot.malnetp.ovh\/pl_PL\/for-shareholders\/\",\"name\":\"Dla akcjonariuszy - Fermot S.A.\",\"isPartOf\":{\"@id\":\"https:\/\/newfermot.malnetp.ovh\/pl_PL\/#website\"},\"datePublished\":\"2023-10-09T07:36:46+00:00\",\"dateModified\":\"2023-10-20T14:26:32+00:00\",\"breadcrumb\":{\"@id\":\"https:\/\/newfermot.malnetp.ovh\/pl_PL\/for-shareholders\/#breadcrumb\"},\"inLanguage\":\"pl-PL\",\"potentialAction\":[{\"@type\":\"ReadAction\",\"target\":[\"https:\/\/newfermot.malnetp.ovh\/pl_PL\/for-shareholders\/\"]}]},{\"@type\":\"BreadcrumbList\",\"@id\":\"https:\/\/newfermot.malnetp.ovh\/pl_PL\/for-shareholders\/#breadcrumb\",\"itemListElement\":[{\"@type\":\"ListItem\",\"position\":1,\"name\":\"Strona g\u0142\u00f3wna\",\"item\":\"https:\/\/newfermot.malnetp.ovh\/pl_PL\/\"},{\"@type\":\"ListItem\",\"position\":2,\"name\":\"Dla akcjonariuszy\"}]},{\"@type\":\"WebSite\",\"@id\":\"https:\/\/newfermot.malnetp.ovh\/pl_PL\/#website\",\"url\":\"https:\/\/newfermot.malnetp.ovh\/pl_PL\/\",\"name\":\"Fermot S.A.\",\"description\":\"Obr\u00f3bka cnc, Napawanie laserowe, T\u0142oczniki, wykrojniki, Regeneracja form wtryskowych, Detale t\u0142oczone na prasach, Cz\u0119\u015bci do transformator\u00f3w\",\"potentialAction\":[{\"@type\":\"SearchAction\",\"target\":{\"@type\":\"EntryPoint\",\"urlTemplate\":\"https:\/\/newfermot.malnetp.ovh\/pl_PL\/?s={search_term_string}\"},\"query-input\":{\"@type\":\"PropertyValueSpecification\",\"valueRequired\":true,\"valueName\":\"search_term_string\"}}],\"inLanguage\":\"pl-PL\"}]}<\/script>\n<!-- \/ Yoast SEO plugin. -->","yoast_head_json":{"title":"Dla akcjonariuszy - Fermot S.A.","robots":{"index":"index","follow":"follow","max-snippet":"max-snippet:-1","max-image-preview":"max-image-preview:large","max-video-preview":"max-video-preview:-1"},"canonical":"https:\/\/newfermot.malnetp.ovh\/pl_PL\/for-shareholders\/","og_locale":"pl_PL","og_type":"article","og_title":"Dla akcjonariuszy - Fermot S.A.","og_description":"[vc_row full_width=\"stretch_row_content\" woodmart_stretch_content=\"section-stretch-content\" woodmart_css_id=\"651d34f259bd5\" responsive_spacing=\"eyJwYXJhbV90eXBlIjoid29vZG1hcnRfcmVzcG9uc2l2ZV9zcGFjaW5nIiwic2VsZWN0b3JfaWQiOiI2NTFkMzRmMjU5YmQ1Iiwic2hvcn...","og_url":"https:\/\/newfermot.malnetp.ovh\/pl_PL\/for-shareholders\/","og_site_name":"Fermot S.A.","article_modified_time":"2023-10-20T14:26:32+00:00","twitter_card":"summary_large_image","twitter_misc":{"Szacowany czas czytania":"1 minuta"},"schema":{"@context":"https:\/\/schema.org","@graph":[{"@type":"WebPage","@id":"https:\/\/newfermot.malnetp.ovh\/pl_PL\/for-shareholders\/","url":"https:\/\/newfermot.malnetp.ovh\/pl_PL\/for-shareholders\/","name":"Dla akcjonariuszy - Fermot S.A.","isPartOf":{"@id":"https:\/\/newfermot.malnetp.ovh\/pl_PL\/#website"},"datePublished":"2023-10-09T07:36:46+00:00","dateModified":"2023-10-20T14:26:32+00:00","breadcrumb":{"@id":"https:\/\/newfermot.malnetp.ovh\/pl_PL\/for-shareholders\/#breadcrumb"},"inLanguage":"pl-PL","potentialAction":[{"@type":"ReadAction","target":["https:\/\/newfermot.malnetp.ovh\/pl_PL\/for-shareholders\/"]}]},{"@type":"BreadcrumbList","@id":"https:\/\/newfermot.malnetp.ovh\/pl_PL\/for-shareholders\/#breadcrumb","itemListElement":[{"@type":"ListItem","position":1,"name":"Strona g\u0142\u00f3wna","item":"https:\/\/newfermot.malnetp.ovh\/pl_PL\/"},{"@type":"ListItem","position":2,"name":"Dla akcjonariuszy"}]},{"@type":"WebSite","@id":"https:\/\/newfermot.malnetp.ovh\/pl_PL\/#website","url":"https:\/\/newfermot.malnetp.ovh\/pl_PL\/","name":"Fermot S.A.","description":"Obr\u00f3bka cnc, Napawanie laserowe, T\u0142oczniki, wykrojniki, Regeneracja form wtryskowych, Detale t\u0142oczone na prasach, Cz\u0119\u015bci do transformator\u00f3w","potentialAction":[{"@type":"SearchAction","target":{"@type":"EntryPoint","urlTemplate":"https:\/\/newfermot.malnetp.ovh\/pl_PL\/?s={search_term_string}"},"query-input":{"@type":"PropertyValueSpecification","valueRequired":true,"valueName":"search_term_string"}}],"inLanguage":"pl-PL"}]}},"_links":{"self":[{"href":"https:\/\/newfermot.malnetp.ovh\/en_GB\/wp-json\/wp\/v2\/pages\/9221","targetHints":{"allow":["GET"]}}],"collection":[{"href":"https:\/\/newfermot.malnetp.ovh\/en_GB\/wp-json\/wp\/v2\/pages"}],"about":[{"href":"https:\/\/newfermot.malnetp.ovh\/en_GB\/wp-json\/wp\/v2\/types\/page"}],"author":[{"embeddable":true,"href":"https:\/\/newfermot.malnetp.ovh\/en_GB\/wp-json\/wp\/v2\/users\/1"}],"replies":[{"embeddable":true,"href":"https:\/\/newfermot.malnetp.ovh\/en_GB\/wp-json\/wp\/v2\/comments?post=9221"}],"version-history":[{"count":5,"href":"https:\/\/newfermot.malnetp.ovh\/en_GB\/wp-json\/wp\/v2\/pages\/9221\/revisions"}],"predecessor-version":[{"id":9399,"href":"https:\/\/newfermot.malnetp.ovh\/en_GB\/wp-json\/wp\/v2\/pages\/9221\/revisions\/9399"}],"wp:attachment":[{"href":"https:\/\/newfermot.malnetp.ovh\/en_GB\/wp-json\/wp\/v2\/media?parent=9221"}],"curies":[{"name":"wp","href":"https:\/\/api.w.org\/{rel}","templated":true}]}}