{"id":9015,"date":"2023-10-04T12:52:56","date_gmt":"2023-10-04T12:52:56","guid":{"rendered":"https:\/\/newfermot.malnetp.ovh\/?page_id=9015"},"modified":"2023-10-25T07:50:01","modified_gmt":"2023-10-25T07:50:01","slug":"kontakt","status":"publish","type":"page","link":"https:\/\/newfermot.malnetp.ovh\/en_GB\/kontakt\/","title":{"rendered":"Contact us"},"content":{"rendered":"<div class=\"wpb-content-wrapper\"><p>[vc_row full_width=&#8221;stretch_row_content&#8221; woodmart_stretch_content=&#8221;section-stretch-content&#8221; woodmart_css_id=&#8221;651d34f259bd5&#8243; responsive_spacing=&#8221;eyJwYXJhbV90eXBlIjoid29vZG1hcnRfcmVzcG9uc2l2ZV9zcGFjaW5nIiwic2VsZWN0b3JfaWQiOiI2NTFkMzRmMjU5YmQ1Iiwic2hvcnRjb2RlIjoidmNfcm93IiwiZGF0YSI6eyJ0YWJsZXQiOnt9LCJtb2JpbGUiOnt9fX0=&#8221; mobile_bg_img_hidden=&#8221;no&#8221; tablet_bg_img_hidden=&#8221;no&#8221; woodmart_parallax=&#8221;0&#8243; woodmart_gradient_switch=&#8221;no&#8221; woodmart_box_shadow=&#8221;no&#8221; wd_z_index=&#8221;no&#8221; woodmart_disable_overflow=&#8221;0&#8243; row_reverse_mobile=&#8221;0&#8243; row_reverse_tablet=&#8221;0&#8243; el_class=&#8221;tlo-blue&#8221;][vc_column][vc_column_text woodmart_inline=&#8221;no&#8221; text_larger=&#8221;no&#8221;]<\/p>\n<p style=\"text-align: center;\"><strong>FERMOT S.A.<\/strong><\/p>\n<p style=\"text-align: center;\"><strong>71 Sobieskiego Street<\/strong><\/p>\n<p style=\"text-align: center;\"><strong>96-100 Skierniewice, Poland<\/strong><\/p>\n<p style=\"text-align: center;\">VAT Reg No. : 836-15-98-135<\/p>\n<p style=\"text-align: center;\">tel. <a href=\"tel:+48 46 832 42 79\">+48 46 832 42 79<\/a><\/p>\n<p style=\"text-align: center;\">e-mail: <a class=\"moz-txt-link-freetext\" href=\"mailto:sekretariat@newfermot.malnetp.ovh\">sekretariat@newfermot.malnetp.ovh<\/a><\/p>\n<p style=\"text-align: center;\"><span class=\"HwtZe\" lang=\"en\"><span class=\"jCAhz ChMk0b\"><span class=\"ryNqvb\">NCR No.: <\/span><\/span><\/span><span class=\"HwtZe\" lang=\"en\"><span class=\"jCAhz ChMk0b\"><span class=\"ryNqvb\">0000184014, District Court for \u0141\u00f3d\u017a-\u015ar\u00f3dmie\u015bcie in \u0141\u00f3d\u017a, XX Department of <\/span><\/span><span class=\"jCAhz ChMk0b\"><span class=\"ryNqvb\">National Court Register, Share capital: PLN 876,000<\/span><\/span><\/span><\/p>\n<p>[\/vc_column_text][\/vc_column][\/vc_row][vc_row full_width=&#8221;stretch_row_content&#8221; woodmart_stretch_content=&#8221;section-stretch-content&#8221; woodmart_css_id=&#8221;651d2e03a2513&#8243; responsive_spacing=&#8221;eyJwYXJhbV90eXBlIjoid29vZG1hcnRfcmVzcG9uc2l2ZV9zcGFjaW5nIiwic2VsZWN0b3JfaWQiOiI2NTFkMmUwM2EyNTEzIiwic2hvcnRjb2RlIjoidmNfcm93IiwiZGF0YSI6eyJ0YWJsZXQiOnt9LCJtb2JpbGUiOnt9fX0=&#8221; mobile_bg_img_hidden=&#8221;no&#8221; tablet_bg_img_hidden=&#8221;no&#8221; woodmart_parallax=&#8221;0&#8243; woodmart_gradient_switch=&#8221;no&#8221; woodmart_box_shadow=&#8221;no&#8221; wd_z_index=&#8221;no&#8221; woodmart_disable_overflow=&#8221;0&#8243; row_reverse_mobile=&#8221;0&#8243; row_reverse_tablet=&#8221;0&#8243;][vc_column width=&#8221;1\/2&#8243;]\n\t\t<div id=\"wd-652e8feed2543\" class=\"title-wrapper wd-wpb wd-set-mb reset-last-child  wd-rs-652e8feed2543 wd-title-color-default wd-title-style-default text-center tytulek  wd-underline-colored\">\n\t\t\t\n\t\t\t<div class=\"liner-continer\">\n\t\t\t\t<h4 class=\"woodmart-title-container title  wd-font-weight- wd-fontsize-l\" >Contact form<\/h4>\n\t\t\t\t\t\t\t<\/div>\n\t\t\t\n\t\t\t\n\t\t\t\n\t\t<\/div>\n\t\t\n\t\t\n<div class=\"wpcf7 no-js\" id=\"wpcf7-f9432-o1\" lang=\"pl-PL\" dir=\"ltr\" data-wpcf7-id=\"9432\">\n<div class=\"screen-reader-response\"><p role=\"status\" aria-live=\"polite\" aria-atomic=\"true\"><\/p> <ul><\/ul><\/div>\n<form action=\"\/en_GB\/wp-json\/wp\/v2\/pages\/9015#wpcf7-f9432-o1\" method=\"post\" class=\"wpcf7-form init\" aria-label=\"Formularz kontaktowy\" novalidate=\"novalidate\" data-status=\"init\">\n<div style=\"display: none;\">\n<input type=\"hidden\" name=\"_wpcf7\" value=\"9432\" \/>\n<input type=\"hidden\" name=\"_wpcf7_version\" value=\"6.0\" \/>\n<input type=\"hidden\" name=\"_wpcf7_locale\" value=\"pl_PL\" \/>\n<input type=\"hidden\" name=\"_wpcf7_unit_tag\" value=\"wpcf7-f9432-o1\" \/>\n<input type=\"hidden\" name=\"_wpcf7_container_post\" value=\"0\" \/>\n<input type=\"hidden\" name=\"_wpcf7_posted_data_hash\" value=\"\" \/>\n<input type=\"hidden\" name=\"_wpcf7_recaptcha_response\" value=\"\" \/>\n<\/div>\n<div class=\"form-lewa\">\n\t<p><label><span class=\"wpcf7-form-control-wrap\" data-name=\"your-name\"><input size=\"40\" maxlength=\"400\" class=\"wpcf7-form-control wpcf7-text wpcf7-validates-as-required\" aria-required=\"true\" aria-invalid=\"false\" placeholder=\"Name*\" value=\"\" type=\"text\" name=\"your-name\" \/><\/span> <\/label>\n\t<\/p>\n\t<p><label><span class=\"wpcf7-form-control-wrap\" data-name=\"your-email\"><input size=\"40\" maxlength=\"400\" class=\"wpcf7-form-control wpcf7-email wpcf7-validates-as-required wpcf7-text wpcf7-validates-as-email\" aria-required=\"true\" aria-invalid=\"false\" placeholder=\"E-mail*\" value=\"\" type=\"email\" name=\"your-email\" \/><\/span> <\/label>\n\t<\/p>\n\t<p><label><span class=\"wpcf7-form-control-wrap\" data-name=\"text-965\"><input size=\"40\" maxlength=\"400\" class=\"wpcf7-form-control wpcf7-text\" aria-invalid=\"false\" placeholder=\"Company\" value=\"\" type=\"text\" name=\"text-965\" \/><\/span> <\/label>\n\t<\/p>\n\t<p><label><span class=\"wpcf7-form-control-wrap\" data-name=\"text-651\"><input size=\"40\" maxlength=\"400\" class=\"wpcf7-form-control wpcf7-text\" aria-invalid=\"false\" placeholder=\"Address\" value=\"\" type=\"text\" name=\"text-651\" \/><\/span> <\/label>\n\t<\/p>\n\t<p><label><span class=\"wpcf7-form-control-wrap\" data-name=\"tel-61\"><input size=\"40\" maxlength=\"400\" class=\"wpcf7-form-control wpcf7-tel wpcf7-text wpcf7-validates-as-tel\" aria-invalid=\"false\" placeholder=\"Phone nbr\" value=\"\" type=\"tel\" name=\"tel-61\" \/><\/span><\/label>\n\t<\/p>\n<\/div>\n<div class=\"form-prawa\">\n\t<h4>Message:\n\t<\/h4>\n\t<p><span class=\"wpcf7-form-control-wrap\" data-name=\"your-message\"><textarea cols=\"40\" rows=\"10\" maxlength=\"2000\" class=\"wpcf7-form-control wpcf7-textarea\" aria-invalid=\"false\" name=\"your-message\"><\/textarea><\/span>\n\t<\/p>\n\t<p><label class=\"label-policy\"><span class=\"wpcf7-form-control-wrap\" data-name=\"acceptance-965\"><span class=\"wpcf7-form-control wpcf7-acceptance\"><span class=\"wpcf7-list-item\"><label><input type=\"checkbox\" name=\"acceptance-965\" value=\"1\" aria-invalid=\"false\" \/><span class=\"wpcf7-list-item-label\">WI consent to the processing of my personal data in accordance with the <a href=\"https:\/\/newfermot.malnetp.ovh\/en_GB\/polityka-prywatnosci\/\">Privacy Policy<\/a>.<\/span><\/label><\/span><\/span><\/span><\/label>\n\t<\/p>\n\t<p><input class=\"wpcf7-form-control wpcf7-submit has-spinner\" type=\"submit\" value=\"Send\" \/>\n\t<\/p>\n<\/div><div class=\"wpcf7-response-output\" aria-hidden=\"true\"><\/div>\n<\/form>\n<\/div>\n[\/vc_column][vc_column width=&#8221;1\/2&#8243;]\n\t\t<div id=\"wd-652e8ff8a1e4e\" class=\"title-wrapper wd-wpb wd-set-mb reset-last-child  wd-rs-652e8ff8a1e4e wd-title-color-default wd-title-style-default text-center tytulek  wd-underline-colored\">\n\t\t\t\n\t\t\t<div class=\"liner-continer\">\n\t\t\t\t<h4 class=\"woodmart-title-container title  wd-font-weight- wd-fontsize-l\" >Map<\/h4>\n\t\t\t\t\t\t\t<\/div>\n\t\t\t\n\t\t\t\n\t\t\t\n\t\t<\/div>\n\t\t\n\t\t\t\t\t<div class=\"google-map-container wd-map-container   wd-rs-651fb18468e85\" style=\"\" data-map-args='{\"multiple_markers\":\"no\",\"latitude\":\"51.969051614858536\",\"longitude\":\"20.16597538796552\",\"zoom\":\"15\",\"mouse_zoom\":\"no\",\"init_type\":\"page_load\",\"init_offset\":\"100\",\"elementor\":false,\"json_style\":\"\",\"marker_icon\":\"https:\\\/\\\/newfermot.malnetp.ovh\\\/wp-content\\\/themes\\\/woodmart\\\/inc\\\/admin\\\/assets\\\/images\\\/google-icon.png\",\"marker_icon_size\":\"\",\"marker_text_needed\":\"yes\",\"marker_text\":\"<h3 style=\\\"min-width:300px; text-align:center; margin:15px;\\\">Fermot S.A.<\\\/h3>\",\"selector\":\"wd-map-id-6a025dc0dc5b8\",\"markers\":\"\",\"center\":\"\"}'>\n\t\t\t\t\n\t\t\t\t\n\t\t\t\t<div class=\"wd-google-map-wrapper wd-map-wrapper wd-fill\">\n\t\t\t\t\t<div id=\"wd-map-id-6a025dc0dc5b8\" class=\"wd-google-map without-content wd-fill\"><\/div>\n\t\t\t\t<\/div>\n\n\t\t\t\t\t\t\t<\/div>\n\t\t[\/vc_column][\/vc_row]<\/p>\n<\/div>","protected":false},"excerpt":{"rendered":"<p>[vc_row full_width=&#8221;stretch_row_content&#8221; woodmart_stretch_content=&#8221;section-stretch-content&#8221; woodmart_css_id=&#8221;651d34f259bd5&#8243; responsive_spacing=&#8221;eyJwYXJhbV90eXBlIjoid29vZG1hcnRfcmVzcG9uc2l2ZV9zcGFjaW5nIiwic2VsZWN0b3JfaWQiOiI2NTFkMzRmMjU5YmQ1Iiwic2hvcn&#8230;<\/p>\n","protected":false},"author":1,"featured_media":0,"parent":0,"menu_order":0,"comment_status":"closed","ping_status":"closed","template":"","meta":{"footnotes":""},"class_list":["post-9015","page","type-page","status-publish","hentry"],"yoast_head":"<!-- This site is optimized with the Yoast SEO plugin v23.9 - https:\/\/yoast.com\/wordpress\/plugins\/seo\/ -->\n<title>Kontakt - Fermot S.A.<\/title>\n<meta name=\"robots\" content=\"index, follow, max-snippet:-1, max-image-preview:large, max-video-preview:-1\" \/>\n<link rel=\"canonical\" href=\"https:\/\/newfermot.malnetp.ovh\/pl_PL\/kontakt\/\" \/>\n<meta property=\"og:locale\" content=\"pl_PL\" \/>\n<meta property=\"og:type\" content=\"article\" \/>\n<meta property=\"og:title\" content=\"Kontakt - Fermot S.A.\" \/>\n<meta property=\"og:description\" content=\"[vc_row full_width=&quot;stretch_row_content&quot; woodmart_stretch_content=&quot;section-stretch-content&quot; woodmart_css_id=&quot;651d34f259bd5&quot; responsive_spacing=&quot;eyJwYXJhbV90eXBlIjoid29vZG1hcnRfcmVzcG9uc2l2ZV9zcGFjaW5nIiwic2VsZWN0b3JfaWQiOiI2NTFkMzRmMjU5YmQ1Iiwic2hvcn...\" \/>\n<meta property=\"og:url\" content=\"https:\/\/newfermot.malnetp.ovh\/pl_PL\/kontakt\/\" \/>\n<meta property=\"og:site_name\" content=\"Fermot S.A.\" \/>\n<meta property=\"article:modified_time\" content=\"2023-10-25T07:50:01+00:00\" \/>\n<meta name=\"twitter:card\" content=\"summary_large_image\" \/>\n<meta name=\"twitter:label1\" content=\"Szacowany czas czytania\" \/>\n\t<meta name=\"twitter:data1\" content=\"1 minuta\" \/>\n<script type=\"application\/ld+json\" class=\"yoast-schema-graph\">{\"@context\":\"https:\/\/schema.org\",\"@graph\":[{\"@type\":\"WebPage\",\"@id\":\"https:\/\/newfermot.malnetp.ovh\/pl_PL\/kontakt\/\",\"url\":\"https:\/\/newfermot.malnetp.ovh\/pl_PL\/kontakt\/\",\"name\":\"Kontakt - Fermot S.A.\",\"isPartOf\":{\"@id\":\"https:\/\/newfermot.malnetp.ovh\/pl_PL\/#website\"},\"datePublished\":\"2023-10-04T12:52:56+00:00\",\"dateModified\":\"2023-10-25T07:50:01+00:00\",\"breadcrumb\":{\"@id\":\"https:\/\/newfermot.malnetp.ovh\/pl_PL\/kontakt\/#breadcrumb\"},\"inLanguage\":\"pl-PL\",\"potentialAction\":[{\"@type\":\"ReadAction\",\"target\":[\"https:\/\/newfermot.malnetp.ovh\/pl_PL\/kontakt\/\"]}]},{\"@type\":\"BreadcrumbList\",\"@id\":\"https:\/\/newfermot.malnetp.ovh\/pl_PL\/kontakt\/#breadcrumb\",\"itemListElement\":[{\"@type\":\"ListItem\",\"position\":1,\"name\":\"Strona g\u0142\u00f3wna\",\"item\":\"https:\/\/newfermot.malnetp.ovh\/pl_PL\/\"},{\"@type\":\"ListItem\",\"position\":2,\"name\":\"Kontakt\"}]},{\"@type\":\"WebSite\",\"@id\":\"https:\/\/newfermot.malnetp.ovh\/pl_PL\/#website\",\"url\":\"https:\/\/newfermot.malnetp.ovh\/pl_PL\/\",\"name\":\"Fermot S.A.\",\"description\":\"Obr\u00f3bka cnc, Napawanie laserowe, T\u0142oczniki, wykrojniki, Regeneracja form wtryskowych, Detale t\u0142oczone na prasach, Cz\u0119\u015bci do transformator\u00f3w\",\"potentialAction\":[{\"@type\":\"SearchAction\",\"target\":{\"@type\":\"EntryPoint\",\"urlTemplate\":\"https:\/\/newfermot.malnetp.ovh\/pl_PL\/?s={search_term_string}\"},\"query-input\":{\"@type\":\"PropertyValueSpecification\",\"valueRequired\":true,\"valueName\":\"search_term_string\"}}],\"inLanguage\":\"pl-PL\"}]}<\/script>\n<!-- \/ Yoast SEO plugin. -->","yoast_head_json":{"title":"Kontakt - Fermot S.A.","robots":{"index":"index","follow":"follow","max-snippet":"max-snippet:-1","max-image-preview":"max-image-preview:large","max-video-preview":"max-video-preview:-1"},"canonical":"https:\/\/newfermot.malnetp.ovh\/pl_PL\/kontakt\/","og_locale":"pl_PL","og_type":"article","og_title":"Kontakt - Fermot S.A.","og_description":"[vc_row full_width=\"stretch_row_content\" woodmart_stretch_content=\"section-stretch-content\" woodmart_css_id=\"651d34f259bd5\" responsive_spacing=\"eyJwYXJhbV90eXBlIjoid29vZG1hcnRfcmVzcG9uc2l2ZV9zcGFjaW5nIiwic2VsZWN0b3JfaWQiOiI2NTFkMzRmMjU5YmQ1Iiwic2hvcn...","og_url":"https:\/\/newfermot.malnetp.ovh\/pl_PL\/kontakt\/","og_site_name":"Fermot S.A.","article_modified_time":"2023-10-25T07:50:01+00:00","twitter_card":"summary_large_image","twitter_misc":{"Szacowany czas czytania":"1 minuta"},"schema":{"@context":"https:\/\/schema.org","@graph":[{"@type":"WebPage","@id":"https:\/\/newfermot.malnetp.ovh\/pl_PL\/kontakt\/","url":"https:\/\/newfermot.malnetp.ovh\/pl_PL\/kontakt\/","name":"Kontakt - Fermot S.A.","isPartOf":{"@id":"https:\/\/newfermot.malnetp.ovh\/pl_PL\/#website"},"datePublished":"2023-10-04T12:52:56+00:00","dateModified":"2023-10-25T07:50:01+00:00","breadcrumb":{"@id":"https:\/\/newfermot.malnetp.ovh\/pl_PL\/kontakt\/#breadcrumb"},"inLanguage":"pl-PL","potentialAction":[{"@type":"ReadAction","target":["https:\/\/newfermot.malnetp.ovh\/pl_PL\/kontakt\/"]}]},{"@type":"BreadcrumbList","@id":"https:\/\/newfermot.malnetp.ovh\/pl_PL\/kontakt\/#breadcrumb","itemListElement":[{"@type":"ListItem","position":1,"name":"Strona g\u0142\u00f3wna","item":"https:\/\/newfermot.malnetp.ovh\/pl_PL\/"},{"@type":"ListItem","position":2,"name":"Kontakt"}]},{"@type":"WebSite","@id":"https:\/\/newfermot.malnetp.ovh\/pl_PL\/#website","url":"https:\/\/newfermot.malnetp.ovh\/pl_PL\/","name":"Fermot S.A.","description":"Obr\u00f3bka cnc, Napawanie laserowe, T\u0142oczniki, wykrojniki, Regeneracja form wtryskowych, Detale t\u0142oczone na prasach, Cz\u0119\u015bci do transformator\u00f3w","potentialAction":[{"@type":"SearchAction","target":{"@type":"EntryPoint","urlTemplate":"https:\/\/newfermot.malnetp.ovh\/pl_PL\/?s={search_term_string}"},"query-input":{"@type":"PropertyValueSpecification","valueRequired":true,"valueName":"search_term_string"}}],"inLanguage":"pl-PL"}]}},"_links":{"self":[{"href":"https:\/\/newfermot.malnetp.ovh\/en_GB\/wp-json\/wp\/v2\/pages\/9015","targetHints":{"allow":["GET"]}}],"collection":[{"href":"https:\/\/newfermot.malnetp.ovh\/en_GB\/wp-json\/wp\/v2\/pages"}],"about":[{"href":"https:\/\/newfermot.malnetp.ovh\/en_GB\/wp-json\/wp\/v2\/types\/page"}],"author":[{"embeddable":true,"href":"https:\/\/newfermot.malnetp.ovh\/en_GB\/wp-json\/wp\/v2\/users\/1"}],"replies":[{"embeddable":true,"href":"https:\/\/newfermot.malnetp.ovh\/en_GB\/wp-json\/wp\/v2\/comments?post=9015"}],"version-history":[{"count":28,"href":"https:\/\/newfermot.malnetp.ovh\/en_GB\/wp-json\/wp\/v2\/pages\/9015\/revisions"}],"predecessor-version":[{"id":9434,"href":"https:\/\/newfermot.malnetp.ovh\/en_GB\/wp-json\/wp\/v2\/pages\/9015\/revisions\/9434"}],"wp:attachment":[{"href":"https:\/\/newfermot.malnetp.ovh\/en_GB\/wp-json\/wp\/v2\/media?parent=9015"}],"curies":[{"name":"wp","href":"https:\/\/api.w.org\/{rel}","templated":true}]}}