{"id":8739,"date":"2023-09-26T08:44:24","date_gmt":"2023-09-26T08:44:24","guid":{"rendered":"https:\/\/newfermot.malnetp.ovh\/?page_id=8739"},"modified":"2023-10-24T08:36:51","modified_gmt":"2023-10-24T08:36:51","slug":"o-nas","status":"publish","type":"page","link":"https:\/\/newfermot.malnetp.ovh\/en_GB\/o-nas\/","title":{"rendered":"About us"},"content":{"rendered":"<div class=\"wpb-content-wrapper\"><p>[vc_row full_width=&#8221;stretch_row_content&#8221; woodmart_stretch_content=&#8221;section-stretch-content&#8221; woodmart_css_id=&#8221;651fd6cb17d0c&#8221; responsive_spacing=&#8221;eyJwYXJhbV90eXBlIjoid29vZG1hcnRfcmVzcG9uc2l2ZV9zcGFjaW5nIiwic2VsZWN0b3JfaWQiOiI2NTFmZDZjYjE3ZDBjIiwic2hvcnRjb2RlIjoidmNfcm93IiwiZGF0YSI6eyJ0YWJsZXQiOnt9LCJtb2JpbGUiOnt9fX0=&#8221; mobile_bg_img_hidden=&#8221;no&#8221; tablet_bg_img_hidden=&#8221;no&#8221; woodmart_parallax=&#8221;0&#8243; woodmart_gradient_switch=&#8221;no&#8221; woodmart_box_shadow=&#8221;no&#8221; wd_z_index=&#8221;no&#8221; woodmart_disable_overflow=&#8221;0&#8243; row_reverse_mobile=&#8221;0&#8243; row_reverse_tablet=&#8221;0&#8243;][vc_column][vc_single_image image=&#8221;9191&#8243; img_size=&#8221;full&#8221; parallax_scroll=&#8221;no&#8221; woodmart_inline=&#8221;no&#8221;][\/vc_column][\/vc_row][vc_row full_width=&#8221;stretch_row_content&#8221; woodmart_stretch_content=&#8221;section-stretch-content&#8221; woodmart_css_id=&#8221;651d2e03a2513&#8243; responsive_spacing=&#8221;eyJwYXJhbV90eXBlIjoid29vZG1hcnRfcmVzcG9uc2l2ZV9zcGFjaW5nIiwic2VsZWN0b3JfaWQiOiI2NTFkMmUwM2EyNTEzIiwic2hvcnRjb2RlIjoidmNfcm93IiwiZGF0YSI6eyJ0YWJsZXQiOnt9LCJtb2JpbGUiOnt9fX0=&#8221; mobile_bg_img_hidden=&#8221;no&#8221; tablet_bg_img_hidden=&#8221;no&#8221; woodmart_parallax=&#8221;0&#8243; woodmart_gradient_switch=&#8221;no&#8221; woodmart_box_shadow=&#8221;no&#8221; wd_z_index=&#8221;no&#8221; woodmart_disable_overflow=&#8221;0&#8243; row_reverse_mobile=&#8221;0&#8243; row_reverse_tablet=&#8221;0&#8243;][vc_column][vc_column_text woodmart_inline=&#8221;no&#8221; text_larger=&#8221;no&#8221;]Main areas of our business activity:<\/p>\n<ul>\n<li>Manufacturing of precision tooling \u2013 cutting tools, stamping tools, progressive dies (up to 15 t) for variety of industries. Tools made according to our designs as well as to customer\u2019s documentation. Designing process supported by 3D\/2D software (Solid Works)<\/li>\n<li>Full range of machining services on CNC and conventional machines, including laser welding<\/li>\n<li>Serial production of metal parts on presses (max tonnage 400 t), mainly for automotive and household industry<\/li>\n<li>Manufacturing of transformer laminations and other transformer assembly elements<\/li>\n<\/ul>\n<h3>History<\/h3>\n<p>[\/vc_column_text][\/vc_column][\/vc_row][vc_row][vc_column]\t\t<div id=\"wd-651fd71251fc2\" class=\"wd-timeline-wrapper wd-item-default wd-line-default wd-rs-651fd71251fc2 \">\n\t\t\t<div class=\"woodmart-timeline-line\">\n\t\t\t\t<span class=\"line-dot dot-start\"><\/span>\n\t\t\t\t<span class=\"line-dot dot-end\"><\/span>\n\t\t\t<\/div>\n\t\t\t<div class=\"wd-timeline\">\n\t\t\t\t\t\t<div id=\"wd-653780c3c8adb\" class=\"wd-timeline-item wd-item-position-left\">\n\n\t\t\t<div class=\"woodmart-timeline-dot\"><\/div>\n\n\t\t\t<div class=\"timeline-col timeline-col-primary\">\n\t\t\t\t<span class=\"timeline-arrow\"><\/span>\n\t\t\t\t\t\t\t\t<h4 class=\"wd-timeline-title\">1999<\/h4>\n\t\t\t\t<div class=\"wd-timeline-content wd-set-mb reset-last-child\"><\/div>\n\t\t\t<\/div>\n\n\t\t\t<div class=\"timeline-col timeline-col-secondary\">\t\n\t\t\t\t<span class=\"timeline-arrow\"><\/span>\n\t\t\t\t\t\t\t\t<h4 class=\"wd-timeline-title\">\u2022 Establishment of Fabryka Narz\u0119dzi Specjalnych FERMOT S.A. from the merger of the tool rooms of two large plants located in Skierniewice - ZATRA and Philips Ferpol.<\/h4>\n\t\t\t\t<div class=\"wd-timeline-content wd-set-mb reset-last-child\"><\/div>\n\t\t\t<\/div>\n\t\t\t\t\t<\/div>\n\t\t\t\t<div id=\"wd-653780da6546b\" class=\"wd-timeline-item wd-item-position-left\">\n\n\t\t\t<div class=\"woodmart-timeline-dot\"><\/div>\n\n\t\t\t<div class=\"timeline-col timeline-col-primary\">\n\t\t\t\t<span class=\"timeline-arrow\"><\/span>\n\t\t\t\t\t\t\t\t<h4 class=\"wd-timeline-title\">2003<\/h4>\n\t\t\t\t<div class=\"wd-timeline-content wd-set-mb reset-last-child\"><\/div>\n\t\t\t<\/div>\n\n\t\t\t<div class=\"timeline-col timeline-col-secondary\">\t\n\t\t\t\t<span class=\"timeline-arrow\"><\/span>\n\t\t\t\t\t\t\t\t<h4 class=\"wd-timeline-title\">\u2022 Transfer of technology and machines from UK Southport LG.Philips Displays Plant.<\/h4>\n\t\t\t\t<div class=\"wd-timeline-content wd-set-mb reset-last-child\">\u2022 FERMOT becomes main supplier of tooling to most LG.Philips Displays yoke ring plants.<\/div>\n\t\t\t<\/div>\n\t\t\t\t\t<\/div>\n\t\t\t\t<div id=\"wd-653780ff3305b\" class=\"wd-timeline-item wd-item-position-left\">\n\n\t\t\t<div class=\"woodmart-timeline-dot\"><\/div>\n\n\t\t\t<div class=\"timeline-col timeline-col-primary\">\n\t\t\t\t<span class=\"timeline-arrow\"><\/span>\n\t\t\t\t\t\t\t\t<h4 class=\"wd-timeline-title\">2003<\/h4>\n\t\t\t\t<div class=\"wd-timeline-content wd-set-mb reset-last-child\"><\/div>\n\t\t\t<\/div>\n\n\t\t\t<div class=\"timeline-col timeline-col-secondary\">\t\n\t\t\t\t<span class=\"timeline-arrow\"><\/span>\n\t\t\t\t\t\t\t\t<h4 class=\"wd-timeline-title\">\u2022 Certification of the Quality Management System according to ISO 9000 standard for production of tools.<\/h4>\n\t\t\t\t<div class=\"wd-timeline-content wd-set-mb reset-last-child\"><\/div>\n\t\t\t<\/div>\n\t\t\t\t\t<\/div>\n\t\t\t\t<div id=\"wd-6537810cc8974\" class=\"wd-timeline-item wd-item-position-left\">\n\n\t\t\t<div class=\"woodmart-timeline-dot\"><\/div>\n\n\t\t\t<div class=\"timeline-col timeline-col-primary\">\n\t\t\t\t<span class=\"timeline-arrow\"><\/span>\n\t\t\t\t\t\t\t\t<h4 class=\"wd-timeline-title\">2005<\/h4>\n\t\t\t\t<div class=\"wd-timeline-content wd-set-mb reset-last-child\"><\/div>\n\t\t\t<\/div>\n\n\t\t\t<div class=\"timeline-col timeline-col-secondary\">\t\n\t\t\t\t<span class=\"timeline-arrow\"><\/span>\n\t\t\t\t\t\t\t\t<h4 class=\"wd-timeline-title\">\u2022 Acquisition of a stamping department producing components for transformers from adjacent company Zatra SA. Continuation of the production of components under FERMOT logo.<\/h4>\n\t\t\t\t<div class=\"wd-timeline-content wd-set-mb reset-last-child\"><\/div>\n\t\t\t<\/div>\n\t\t\t\t\t<\/div>\n\t\t\t\t<div id=\"wd-6537813d5fe56\" class=\"wd-timeline-item wd-item-position-left\">\n\n\t\t\t<div class=\"woodmart-timeline-dot\"><\/div>\n\n\t\t\t<div class=\"timeline-col timeline-col-primary\">\n\t\t\t\t<span class=\"timeline-arrow\"><\/span>\n\t\t\t\t\t\t\t\t<h4 class=\"wd-timeline-title\">2010<\/h4>\n\t\t\t\t<div class=\"wd-timeline-content wd-set-mb reset-last-child\"><\/div>\n\t\t\t<\/div>\n\n\t\t\t<div class=\"timeline-col timeline-col-secondary\">\t\n\t\t\t\t<span class=\"timeline-arrow\"><\/span>\n\t\t\t\t\t\t\t\t<h4 class=\"wd-timeline-title\">\u2022 Start of production of progressive and transfer tools for customers from automotive and household appliances industry.<\/h4>\n\t\t\t\t<div class=\"wd-timeline-content wd-set-mb reset-last-child\"><\/div>\n\t\t\t<\/div>\n\t\t\t\t\t<\/div>\n\t\t\t\t<div id=\"wd-653781547fba4\" class=\"wd-timeline-item wd-item-position-left\">\n\n\t\t\t<div class=\"woodmart-timeline-dot\"><\/div>\n\n\t\t\t<div class=\"timeline-col timeline-col-primary\">\n\t\t\t\t<span class=\"timeline-arrow\"><\/span>\n\t\t\t\t\t\t\t\t<h4 class=\"wd-timeline-title\">2011<\/h4>\n\t\t\t\t<div class=\"wd-timeline-content wd-set-mb reset-last-child\"><\/div>\n\t\t\t<\/div>\n\n\t\t\t<div class=\"timeline-col timeline-col-secondary\">\t\n\t\t\t\t<span class=\"timeline-arrow\"><\/span>\n\t\t\t\t\t\t\t\t<h4 class=\"wd-timeline-title\">\u2022 Certification of the Quality Management System according to ISO 9000 standard for serial production of metal parts.<\/h4>\n\t\t\t\t<div class=\"wd-timeline-content wd-set-mb reset-last-child\">\u2022 Start of serial production of metal elements to customer order.<\/div>\n\t\t\t<\/div>\n\t\t\t\t\t<\/div>\n\t\t\t\t<div id=\"wd-6537817b50a17\" class=\"wd-timeline-item wd-item-position-left\">\n\n\t\t\t<div class=\"woodmart-timeline-dot\"><\/div>\n\n\t\t\t<div class=\"timeline-col timeline-col-primary\">\n\t\t\t\t<span class=\"timeline-arrow\"><\/span>\n\t\t\t\t\t\t\t\t<h4 class=\"wd-timeline-title\">2012<\/h4>\n\t\t\t\t<div class=\"wd-timeline-content wd-set-mb reset-last-child\"><\/div>\n\t\t\t<\/div>\n\n\t\t\t<div class=\"timeline-col timeline-col-secondary\">\t\n\t\t\t\t<span class=\"timeline-arrow\"><\/span>\n\t\t\t\t\t\t\t\t<h4 class=\"wd-timeline-title\">\u2022 Expansion of the toolroom machine park and the design office.<\/h4>\n\t\t\t\t<div class=\"wd-timeline-content wd-set-mb reset-last-child\"><\/div>\n\t\t\t<\/div>\n\t\t\t\t\t<\/div>\n\t\t\t\t<div id=\"wd-65378185b316f\" class=\"wd-timeline-item wd-item-position-left\">\n\n\t\t\t<div class=\"woodmart-timeline-dot\"><\/div>\n\n\t\t\t<div class=\"timeline-col timeline-col-primary\">\n\t\t\t\t<span class=\"timeline-arrow\"><\/span>\n\t\t\t\t\t\t\t\t<h4 class=\"wd-timeline-title\">2017<\/h4>\n\t\t\t\t<div class=\"wd-timeline-content wd-set-mb reset-last-child\"><\/div>\n\t\t\t<\/div>\n\n\t\t\t<div class=\"timeline-col timeline-col-secondary\">\t\n\t\t\t\t<span class=\"timeline-arrow\"><\/span>\n\t\t\t\t\t\t\t\t<h4 class=\"wd-timeline-title\">\u2022 Extending existing production facilities by a new production hall and modernisation of social and office spaces.<\/h4>\n\t\t\t\t<div class=\"wd-timeline-content wd-set-mb reset-last-child\">\u2022 Purchase of the first 400-ton press equipped with a feeding and transfer line, with table size 3000 x 1400 mm.<br \/>\n\u2022 Implementation of ERP system<\/div>\n\t\t\t<\/div>\n\t\t\t\t\t<\/div>\n\t\t\t\t<div id=\"wd-653781aacda6f\" class=\"wd-timeline-item wd-item-position-left\">\n\n\t\t\t<div class=\"woodmart-timeline-dot\"><\/div>\n\n\t\t\t<div class=\"timeline-col timeline-col-primary\">\n\t\t\t\t<span class=\"timeline-arrow\"><\/span>\n\t\t\t\t\t\t\t\t<h4 class=\"wd-timeline-title\">2018 \u2013 today<\/h4>\n\t\t\t\t<div class=\"wd-timeline-content wd-set-mb reset-last-child\"><\/div>\n\t\t\t<\/div>\n\n\t\t\t<div class=\"timeline-col timeline-col-secondary\">\t\n\t\t\t\t<span class=\"timeline-arrow\"><\/span>\n\t\t\t\t\t\t\t\t<h4 class=\"wd-timeline-title\">\u2022 Further development of the press shop and tool room through investments in new machines and technologies<\/h4>\n\t\t\t\t<div class=\"wd-timeline-content wd-set-mb reset-last-child\"><\/div>\n\t\t\t<\/div>\n\t\t\t\t\t<\/div>\n\t\t\t\t\t<\/div>\n\t\t\t\t\t<\/div>\n\t\t[\/vc_column][\/vc_row]<\/p>\n<\/div>","protected":false},"excerpt":{"rendered":"<p>[vc_row full_width=&#8221;stretch_row_content&#8221; woodmart_stretch_content=&#8221;section-stretch-content&#8221; woodmart_css_id=&#8221;651fd6cb17d0c&#8221; responsive_spacing=&#8221;eyJwYXJhbV90eXBlIjoid29vZG1hcnRfcmVzcG9uc2l2ZV9zcGFjaW5nIiwic2VsZWN0b3JfaWQiOiI2NTFmZDZjYjE3ZDBjIiwic2hvcn&#8230;<\/p>\n","protected":false},"author":1,"featured_media":0,"parent":0,"menu_order":0,"comment_status":"closed","ping_status":"closed","template":"","meta":{"footnotes":""},"class_list":["post-8739","page","type-page","status-publish","hentry"],"yoast_head":"<!-- This site is optimized with the Yoast SEO plugin v23.9 - https:\/\/yoast.com\/wordpress\/plugins\/seo\/ -->\n<title>O nas - Fermot S.A.<\/title>\n<meta name=\"robots\" content=\"index, follow, max-snippet:-1, max-image-preview:large, max-video-preview:-1\" \/>\n<link rel=\"canonical\" href=\"https:\/\/newfermot.malnetp.ovh\/en_GB\/o-nas\/\" \/>\n<meta property=\"og:locale\" content=\"pl_PL\" \/>\n<meta property=\"og:type\" content=\"article\" \/>\n<meta property=\"og:title\" content=\"O nas - Fermot S.A.\" \/>\n<meta property=\"og:description\" content=\"[vc_row full_width=&quot;stretch_row_content&quot; woodmart_stretch_content=&quot;section-stretch-content&quot; woodmart_css_id=&quot;651fd6cb17d0c&quot; responsive_spacing=&quot;eyJwYXJhbV90eXBlIjoid29vZG1hcnRfcmVzcG9uc2l2ZV9zcGFjaW5nIiwic2VsZWN0b3JfaWQiOiI2NTFmZDZjYjE3ZDBjIiwic2hvcn...\" \/>\n<meta property=\"og:url\" content=\"https:\/\/newfermot.malnetp.ovh\/en_GB\/o-nas\/\" \/>\n<meta property=\"og:site_name\" content=\"Fermot S.A.\" \/>\n<meta property=\"article:modified_time\" content=\"2023-10-24T08:36:51+00:00\" \/>\n<meta name=\"twitter:card\" content=\"summary_large_image\" \/>\n<meta name=\"twitter:label1\" content=\"Szacowany czas czytania\" \/>\n\t<meta name=\"twitter:data1\" content=\"2 minuty\" \/>\n<script type=\"application\/ld+json\" class=\"yoast-schema-graph\">{\"@context\":\"https:\/\/schema.org\",\"@graph\":[{\"@type\":\"WebPage\",\"@id\":\"https:\/\/newfermot.malnetp.ovh\/en_GB\/o-nas\/\",\"url\":\"https:\/\/newfermot.malnetp.ovh\/en_GB\/o-nas\/\",\"name\":\"O nas - Fermot S.A.\",\"isPartOf\":{\"@id\":\"https:\/\/newfermot.malnetp.ovh\/pl_PL\/#website\"},\"datePublished\":\"2023-09-26T08:44:24+00:00\",\"dateModified\":\"2023-10-24T08:36:51+00:00\",\"breadcrumb\":{\"@id\":\"https:\/\/newfermot.malnetp.ovh\/en_GB\/o-nas\/#breadcrumb\"},\"inLanguage\":\"pl-PL\",\"potentialAction\":[{\"@type\":\"ReadAction\",\"target\":[\"https:\/\/newfermot.malnetp.ovh\/en_GB\/o-nas\/\"]}]},{\"@type\":\"BreadcrumbList\",\"@id\":\"https:\/\/newfermot.malnetp.ovh\/en_GB\/o-nas\/#breadcrumb\",\"itemListElement\":[{\"@type\":\"ListItem\",\"position\":1,\"name\":\"Strona g\u0142\u00f3wna\",\"item\":\"https:\/\/newfermot.malnetp.ovh\/pl_PL\/\"},{\"@type\":\"ListItem\",\"position\":2,\"name\":\"About us\"}]},{\"@type\":\"WebSite\",\"@id\":\"https:\/\/newfermot.malnetp.ovh\/pl_PL\/#website\",\"url\":\"https:\/\/newfermot.malnetp.ovh\/pl_PL\/\",\"name\":\"Fermot S.A.\",\"description\":\"Obr\u00f3bka cnc, Napawanie laserowe, T\u0142oczniki, wykrojniki, Regeneracja form wtryskowych, Detale t\u0142oczone na prasach, Cz\u0119\u015bci do transformator\u00f3w\",\"potentialAction\":[{\"@type\":\"SearchAction\",\"target\":{\"@type\":\"EntryPoint\",\"urlTemplate\":\"https:\/\/newfermot.malnetp.ovh\/pl_PL\/?s={search_term_string}\"},\"query-input\":{\"@type\":\"PropertyValueSpecification\",\"valueRequired\":true,\"valueName\":\"search_term_string\"}}],\"inLanguage\":\"pl-PL\"}]}<\/script>\n<!-- \/ Yoast SEO plugin. -->","yoast_head_json":{"title":"O nas - Fermot S.A.","robots":{"index":"index","follow":"follow","max-snippet":"max-snippet:-1","max-image-preview":"max-image-preview:large","max-video-preview":"max-video-preview:-1"},"canonical":"https:\/\/newfermot.malnetp.ovh\/en_GB\/o-nas\/","og_locale":"pl_PL","og_type":"article","og_title":"O nas - Fermot S.A.","og_description":"[vc_row full_width=\"stretch_row_content\" woodmart_stretch_content=\"section-stretch-content\" woodmart_css_id=\"651fd6cb17d0c\" responsive_spacing=\"eyJwYXJhbV90eXBlIjoid29vZG1hcnRfcmVzcG9uc2l2ZV9zcGFjaW5nIiwic2VsZWN0b3JfaWQiOiI2NTFmZDZjYjE3ZDBjIiwic2hvcn...","og_url":"https:\/\/newfermot.malnetp.ovh\/en_GB\/o-nas\/","og_site_name":"Fermot S.A.","article_modified_time":"2023-10-24T08:36:51+00:00","twitter_card":"summary_large_image","twitter_misc":{"Szacowany czas czytania":"2 minuty"},"schema":{"@context":"https:\/\/schema.org","@graph":[{"@type":"WebPage","@id":"https:\/\/newfermot.malnetp.ovh\/en_GB\/o-nas\/","url":"https:\/\/newfermot.malnetp.ovh\/en_GB\/o-nas\/","name":"O nas - Fermot S.A.","isPartOf":{"@id":"https:\/\/newfermot.malnetp.ovh\/pl_PL\/#website"},"datePublished":"2023-09-26T08:44:24+00:00","dateModified":"2023-10-24T08:36:51+00:00","breadcrumb":{"@id":"https:\/\/newfermot.malnetp.ovh\/en_GB\/o-nas\/#breadcrumb"},"inLanguage":"pl-PL","potentialAction":[{"@type":"ReadAction","target":["https:\/\/newfermot.malnetp.ovh\/en_GB\/o-nas\/"]}]},{"@type":"BreadcrumbList","@id":"https:\/\/newfermot.malnetp.ovh\/en_GB\/o-nas\/#breadcrumb","itemListElement":[{"@type":"ListItem","position":1,"name":"Strona g\u0142\u00f3wna","item":"https:\/\/newfermot.malnetp.ovh\/pl_PL\/"},{"@type":"ListItem","position":2,"name":"About us"}]},{"@type":"WebSite","@id":"https:\/\/newfermot.malnetp.ovh\/pl_PL\/#website","url":"https:\/\/newfermot.malnetp.ovh\/pl_PL\/","name":"Fermot S.A.","description":"Obr\u00f3bka cnc, Napawanie laserowe, T\u0142oczniki, wykrojniki, Regeneracja form wtryskowych, Detale t\u0142oczone na prasach, Cz\u0119\u015bci do transformator\u00f3w","potentialAction":[{"@type":"SearchAction","target":{"@type":"EntryPoint","urlTemplate":"https:\/\/newfermot.malnetp.ovh\/pl_PL\/?s={search_term_string}"},"query-input":{"@type":"PropertyValueSpecification","valueRequired":true,"valueName":"search_term_string"}}],"inLanguage":"pl-PL"}]}},"_links":{"self":[{"href":"https:\/\/newfermot.malnetp.ovh\/en_GB\/wp-json\/wp\/v2\/pages\/8739","targetHints":{"allow":["GET"]}}],"collection":[{"href":"https:\/\/newfermot.malnetp.ovh\/en_GB\/wp-json\/wp\/v2\/pages"}],"about":[{"href":"https:\/\/newfermot.malnetp.ovh\/en_GB\/wp-json\/wp\/v2\/types\/page"}],"author":[{"embeddable":true,"href":"https:\/\/newfermot.malnetp.ovh\/en_GB\/wp-json\/wp\/v2\/users\/1"}],"replies":[{"embeddable":true,"href":"https:\/\/newfermot.malnetp.ovh\/en_GB\/wp-json\/wp\/v2\/comments?post=8739"}],"version-history":[{"count":43,"href":"https:\/\/newfermot.malnetp.ovh\/en_GB\/wp-json\/wp\/v2\/pages\/8739\/revisions"}],"predecessor-version":[{"id":9427,"href":"https:\/\/newfermot.malnetp.ovh\/en_GB\/wp-json\/wp\/v2\/pages\/8739\/revisions\/9427"}],"wp:attachment":[{"href":"https:\/\/newfermot.malnetp.ovh\/en_GB\/wp-json\/wp\/v2\/media?parent=8739"}],"curies":[{"name":"wp","href":"https:\/\/api.w.org\/{rel}","templated":true}]}}